{"id":25219,"date":"2023-03-07T23:44:46","date_gmt":"2023-03-07T22:44:46","guid":{"rendered":"https:\/\/www.ltslohmann.com\/unsere-kompetenzen\/cdmo\/"},"modified":"2026-01-23T13:53:06","modified_gmt":"2026-01-23T12:53:06","slug":"cdmo","status":"publish","type":"page","link":"https:\/\/www.ltslohmann.com\/de\/unsere-kompetenzen\/cdmo\/","title":{"rendered":"CDMO"},"content":{"rendered":"<p><div class=\"fusion-fullwidth fullwidth-box fusion-builder-row-1 fusion-flex-container has-pattern-background has-mask-background nonhundred-percent-fullwidth non-hundred-percent-height-scrolling\" style=\"--awb-border-radius-top-left:0px;--awb-border-radius-top-right:0px;--awb-border-radius-bottom-right:0px;--awb-border-radius-bottom-left:0px;--awb-padding-top:0px;--awb-padding-bottom:0px;--awb-margin-top:0px;--awb-margin-bottom:0px;--awb-background-image:linear-gradient(135deg, #d1cebb 0%,#eef0ef 100%);--awb-flex-wrap:wrap;\" ><div class=\"fusion-builder-row fusion-row fusion-flex-align-items-flex-start fusion-flex-content-wrap\" style=\"max-width:1420.64px;margin-left: calc(-4% \/ 2 );margin-right: calc(-4% \/ 2 );\"><div class=\"fusion-layout-column fusion_builder_column fusion-builder-column-0 fusion_builder_column_1_1 1_1 fusion-flex-column\" style=\"--awb-bg-size:cover;--awb-width-large:100%;--awb-margin-top-large:0px;--awb-spacing-right-large:1.92%;--awb-margin-bottom-large:20px;--awb-spacing-left-large:1.92%;--awb-width-medium:100%;--awb-order-medium:0;--awb-spacing-right-medium:1.92%;--awb-spacing-left-medium:1.92%;--awb-width-small:100%;--awb-order-small:0;--awb-spacing-right-small:1.92%;--awb-spacing-left-small:1.92%;\"><div class=\"fusion-column-wrapper fusion-column-has-shadow fusion-flex-justify-content-flex-start fusion-content-layout-column\"><div class=\"fusion-title title fusion-title-1 fusion-sep-none fusion-title-center fusion-title-text fusion-title-size-one\" style=\"--awb-margin-top:3%;--awb-margin-right:20%;--awb-margin-left:20%;--awb-margin-top-small:10px;--awb-margin-right-small:0px;--awb-margin-bottom-small:10px;--awb-margin-left-small:0px;\"><h1 class=\"fusion-title-heading title-heading-center fusion-responsive-typography-calculated\" style=\"margin:0;--fontSize:50;line-height:1.15;\">CDMO-Services von LTS.<br \/>Aufgabe erf\u00fcllt.<\/h1><\/div><div class=\"fusion-title title fusion-title-2 fusion-sep-none fusion-title-center fusion-title-text fusion-title-size-div\" style=\"--awb-margin-top:3%;--awb-margin-right:20%;--awb-margin-left:20%;--awb-margin-top-small:10px;--awb-margin-right-small:0px;--awb-margin-bottom-small:10px;--awb-margin-left-small:0px;\"><div class=\"fusion-title-heading title-heading-center title-heading-tag fusion-responsive-typography-calculated\" style=\"margin:0;--fontSize:20;line-height:1.5;\"><p style=\"text-align: center;\">Seit fast 40 Jahren unterst\u00fctzt LTS ihre Partner in der Pharmaindustrie durch die Herstellung einiger der weltweit beliebtesten nicht-invasiven pharmazeutischen Darreichungsformen.<\/p>\n<p><\/p>\n<p style=\"text-align: center;\">Unsere einmalige Kombination aus globaler Reichweite und fundiertem Fachwissen \u00fcber diese speziellen Darreichungsformen schafft in jeder Phase der Entwicklung &#8211; vom Labor bis zur Marktversorgung &#8211; einen Mehrwert und liefert eine innovative, differenzierte, marktreife und patientenfreundliche Technologie.<\/p>\n<p><\/p>\n<p style=\"text-align: center;\">Selbstverst\u00e4ndlich profitieren Sie von einem engagierten Team und den hochmodernen Produktionsanlagen, die man von einer marktf\u00fchrenden CDMO erwartet. Und wie unterscheiden wir uns von anderen? Wir sind \u00fcberzeugt, dass man gemeinsam immer L\u00f6sungen findet, einen Weg, der uns alle zum Erfolg f\u00fchrt. Zum Wohlbefinden der Patientinnen und Patienten. Denn das liegt uns allen am Herzen.<\/p><\/div><\/div><\/div><\/div><\/div><\/div><div class=\"fusion-fullwidth fullwidth-box fusion-builder-row-2 fusion-flex-container has-pattern-background has-mask-background nonhundred-percent-fullwidth non-hundred-percent-height-scrolling\" style=\"--awb-border-radius-top-left:0px;--awb-border-radius-top-right:0px;--awb-border-radius-bottom-right:0px;--awb-border-radius-bottom-left:0px;--awb-flex-wrap:wrap;\" ><div class=\"fusion-builder-row fusion-row fusion-flex-align-items-flex-start fusion-flex-content-wrap\" style=\"max-width:1420.64px;margin-left: calc(-4% \/ 2 );margin-right: calc(-4% \/ 2 );\"><div class=\"fusion-layout-column fusion_builder_column fusion-builder-column-1 fusion_builder_column_1_2 1_2 fusion-flex-column fusion-flex-align-self-center\" style=\"--awb-bg-size:cover;--awb-width-large:50%;--awb-margin-top-large:0px;--awb-spacing-right-large:3.84%;--awb-margin-bottom-large:20px;--awb-spacing-left-large:3.84%;--awb-width-medium:50%;--awb-order-medium:0;--awb-spacing-right-medium:3.84%;--awb-spacing-left-medium:3.84%;--awb-width-small:100%;--awb-order-small:0;--awb-spacing-right-small:1.92%;--awb-spacing-left-small:1.92%;\" data-scroll-devices=\"small-visibility,medium-visibility,large-visibility\"><div class=\"fusion-column-wrapper fusion-column-has-shadow fusion-flex-justify-content-flex-start fusion-content-layout-column\"><div class=\"fusion-image-element \" style=\"--awb-caption-title-font-family:var(--h2_typography-font-family);--awb-caption-title-font-weight:var(--h2_typography-font-weight);--awb-caption-title-font-style:var(--h2_typography-font-style);--awb-caption-title-size:var(--h2_typography-font-size);--awb-caption-title-transform:var(--h2_typography-text-transform);--awb-caption-title-line-height:var(--h2_typography-line-height);--awb-caption-title-letter-spacing:var(--h2_typography-letter-spacing);\"><span class=\" fusion-imageframe imageframe-none imageframe-1 hover-type-none\"><img decoding=\"async\" width=\"1200\" height=\"800\" alt=\"LTS Lohmann Frau am Mikroskop\" title=\"ltslohmann-mikroskopieren\" src=\"https:\/\/www.ltslohmann.com\/wp-content\/uploads\/ltslohmann-mikroskopieren.jpg\" data-orig-src=\"https:\/\/www.ltslohmann.com\/wp-content\/uploads\/ltslohmann-mikroskopieren.jpg\" class=\"lazyload img-responsive wp-image-25223\" srcset=\"data:image\/svg+xml,%3Csvg%20xmlns%3D%27http%3A%2F%2Fwww.w3.org%2F2000%2Fsvg%27%20width%3D%271200%27%20height%3D%27800%27%20viewBox%3D%270%200%201200%20800%27%3E%3Crect%20width%3D%271200%27%20height%3D%27800%27%20fill-opacity%3D%220%22%2F%3E%3C%2Fsvg%3E\" data-srcset=\"https:\/\/www.ltslohmann.com\/wp-content\/uploads\/ltslohmann-mikroskopieren-200x133.jpg 200w, https:\/\/www.ltslohmann.com\/wp-content\/uploads\/ltslohmann-mikroskopieren-400x267.jpg 400w, https:\/\/www.ltslohmann.com\/wp-content\/uploads\/ltslohmann-mikroskopieren-600x400.jpg 600w, https:\/\/www.ltslohmann.com\/wp-content\/uploads\/ltslohmann-mikroskopieren-800x533.jpg 800w, https:\/\/www.ltslohmann.com\/wp-content\/uploads\/ltslohmann-mikroskopieren.jpg 1200w\" data-sizes=\"auto\" data-orig-sizes=\"(max-width: 640px) 100vw, 800px\" \/><\/span><\/div><\/div><\/div><div class=\"fusion-layout-column fusion_builder_column fusion-builder-column-2 fusion_builder_column_1_2 1_2 fusion-flex-column\" style=\"--awb-bg-size:cover;--awb-width-large:50%;--awb-margin-top-large:0px;--awb-spacing-right-large:3.84%;--awb-margin-bottom-large:20px;--awb-spacing-left-large:3.84%;--awb-width-medium:50%;--awb-order-medium:0;--awb-spacing-right-medium:3.84%;--awb-spacing-left-medium:3.84%;--awb-width-small:100%;--awb-order-small:0;--awb-spacing-right-small:1.92%;--awb-spacing-left-small:1.92%;\"><div class=\"fusion-column-wrapper fusion-column-has-shadow fusion-flex-justify-content-flex-start fusion-content-layout-column\"><div class=\"fusion-title title fusion-title-3 fusion-sep-none fusion-title-center fusion-title-text fusion-title-size-three\" style=\"--awb-margin-top-small:10px;--awb-margin-right-small:0px;--awb-margin-bottom-small:10px;--awb-margin-left-small:0px;\"><h3 class=\"fusion-title-heading title-heading-center fusion-responsive-typography-calculated\" style=\"margin:0;--fontSize:32;line-height:1.07;\">Vom Labor zur Marktversorgung<\/h3><\/div><div class=\"fusion-text fusion-text-1\"><p>Unser Full-Service-CDMO-Angebot er\u00f6ffnet unseren Pharmapartnern die M\u00f6glichkeit, von Skaleneffekten und einem globalen Netzwerk mit ma\u00dfgeschneiderten L\u00f6sungen aus einer Hand zu profitieren. Und das \u00fcber den gesamten Lebenszyklus des Produkts. Erfolgreiche Beispiele sind unsere Nikotin-, Nitroglycerin- und Hormonpflaster. Auch im Zusammenhang mit weiteren chronischen Erkrankungen waren wir Partner bei der Entwicklung und Herstellung verschiedenster Produkte, so auch zur Behandlung von Parkinson und Alzheimer und auch von topischen Therapien f\u00fcr die Schmerzbehandlung.<br \/>Ein engagiertes Team aus F&amp;E-, Technik- und Produktionsexpertinnen und Experten unterst\u00fctzt Sie von der Wirkstoffbewertung und den Machbarkeitsstudien \u00fcber Prototypenherstellung und die Bereitstellung von Klinikmustern f\u00fcr Studien bis hin zum Scale-up und der kommerziellen Fertigung.<\/p>\n<\/div><\/div><\/div><\/div><\/div><div class=\"fusion-fullwidth fullwidth-box fusion-builder-row-3 fusion-flex-container has-pattern-background has-mask-background nonhundred-percent-fullwidth non-hundred-percent-height-scrolling\" style=\"--awb-border-radius-top-left:0px;--awb-border-radius-top-right:0px;--awb-border-radius-bottom-right:0px;--awb-border-radius-bottom-left:0px;--awb-background-image:linear-gradient(135deg, #d1cebb 0%,#eef0ef 100%);--awb-flex-wrap:wrap;\" ><div class=\"fusion-builder-row fusion-row fusion-flex-align-items-flex-start fusion-flex-content-wrap\" style=\"max-width:1420.64px;margin-left: calc(-4% \/ 2 );margin-right: calc(-4% \/ 2 );\"><div class=\"fusion-layout-column fusion_builder_column fusion-builder-column-3 fusion_builder_column_1_2 1_2 fusion-flex-column\" style=\"--awb-bg-size:cover;--awb-width-large:50%;--awb-margin-top-large:0px;--awb-spacing-right-large:3.84%;--awb-margin-bottom-large:20px;--awb-spacing-left-large:3.84%;--awb-width-medium:50%;--awb-order-medium:0;--awb-spacing-right-medium:3.84%;--awb-spacing-left-medium:3.84%;--awb-width-small:100%;--awb-order-small:0;--awb-spacing-right-small:1.92%;--awb-spacing-left-small:1.92%;\"><div class=\"fusion-column-wrapper fusion-column-has-shadow fusion-flex-justify-content-flex-start fusion-content-layout-column\"><div class=\"fusion-title title fusion-title-4 fusion-sep-none fusion-title-center fusion-title-text fusion-title-size-three\" style=\"--awb-margin-top-small:10px;--awb-margin-right-small:0px;--awb-margin-bottom-small:10px;--awb-margin-left-small:0px;\"><h3 class=\"fusion-title-heading title-heading-center fusion-responsive-typography-calculated\" style=\"margin:0;--fontSize:32;line-height:1.07;\">Immer f\u00fcr Sie da<\/h3><\/div><div class=\"fusion-text fusion-text-2\"><p>Als Plattformspezialist f\u00fcr TTS, OTF und MAP setzen wir auch weiterhin auf unser Fachwissen, um unseren Partnern und deren Patientinnen und Patienten die besten L\u00f6sungen zu liefern. Um unsere marktf\u00fchrende Position aufrechtzuerhalten, investieren wir weiter in unsere Zukunft, indem wir unsere F\u00e4higkeiten, F&amp;E-Kapazit\u00e4ten und Produktionskapazit\u00e4ten stetig ausbauen.<br \/>Wir investieren weltweit in flexible, hochmoderne Produktionsanlagen, die den Bedarf unserer Partner an qualitativ hochwertigen, ma\u00dfgeschneiderten Produkten erf\u00fcllen &#8211; von der ersten Idee, \u00fcber Prototypen bis hin zum Scale-up und zur gro\u00dfvolumigen Produktion.<br \/>Dies erm\u00f6glicht uns, Sie in jeder Phase des Produktlebenszyklus weltweit zu beliefern. Wir sind f\u00fcr Sie da \u2013 wann immer Sie uns brauchen.<\/p>\n<\/div><\/div><\/div><div class=\"fusion-layout-column fusion_builder_column fusion-builder-column-4 fusion_builder_column_1_2 1_2 fusion-flex-column fusion-flex-align-self-center\" style=\"--awb-bg-size:cover;--awb-width-large:50%;--awb-margin-top-large:0px;--awb-spacing-right-large:3.84%;--awb-margin-bottom-large:20px;--awb-spacing-left-large:3.84%;--awb-width-medium:50%;--awb-order-medium:0;--awb-spacing-right-medium:3.84%;--awb-spacing-left-medium:3.84%;--awb-width-small:100%;--awb-order-small:0;--awb-spacing-right-small:1.92%;--awb-spacing-left-small:1.92%;\" data-scroll-devices=\"small-visibility,medium-visibility,large-visibility\"><div class=\"fusion-column-wrapper fusion-column-has-shadow fusion-flex-justify-content-flex-start fusion-content-layout-column\"><div class=\"fusion-image-element \" style=\"--awb-caption-title-font-family:var(--h2_typography-font-family);--awb-caption-title-font-weight:var(--h2_typography-font-weight);--awb-caption-title-font-style:var(--h2_typography-font-style);--awb-caption-title-size:var(--h2_typography-font-size);--awb-caption-title-transform:var(--h2_typography-text-transform);--awb-caption-title-line-height:var(--h2_typography-line-height);--awb-caption-title-letter-spacing:var(--h2_typography-letter-spacing);\"><span class=\" fusion-imageframe imageframe-none imageframe-2 hover-type-none\"><img decoding=\"async\" width=\"1200\" height=\"800\" alt=\"LTS Lohmann Beschichtung\" title=\"ltslohmann-beschichtung\" src=\"https:\/\/www.ltslohmann.com\/wp-content\/uploads\/ltslohmann-beschichtung.jpg\" data-orig-src=\"https:\/\/www.ltslohmann.com\/wp-content\/uploads\/ltslohmann-beschichtung.jpg\" class=\"lazyload img-responsive wp-image-25222\" srcset=\"data:image\/svg+xml,%3Csvg%20xmlns%3D%27http%3A%2F%2Fwww.w3.org%2F2000%2Fsvg%27%20width%3D%271200%27%20height%3D%27800%27%20viewBox%3D%270%200%201200%20800%27%3E%3Crect%20width%3D%271200%27%20height%3D%27800%27%20fill-opacity%3D%220%22%2F%3E%3C%2Fsvg%3E\" data-srcset=\"https:\/\/www.ltslohmann.com\/wp-content\/uploads\/ltslohmann-beschichtung-200x133.jpg 200w, https:\/\/www.ltslohmann.com\/wp-content\/uploads\/ltslohmann-beschichtung-400x267.jpg 400w, https:\/\/www.ltslohmann.com\/wp-content\/uploads\/ltslohmann-beschichtung-600x400.jpg 600w, https:\/\/www.ltslohmann.com\/wp-content\/uploads\/ltslohmann-beschichtung-800x533.jpg 800w, https:\/\/www.ltslohmann.com\/wp-content\/uploads\/ltslohmann-beschichtung.jpg 1200w\" data-sizes=\"auto\" data-orig-sizes=\"(max-width: 640px) 100vw, 800px\" \/><\/span><\/div><\/div><\/div><\/div><\/div><div class=\"fusion-fullwidth fullwidth-box fusion-builder-row-4 fusion-flex-container has-pattern-background has-mask-background nonhundred-percent-fullwidth non-hundred-percent-height-scrolling\" style=\"--awb-border-radius-top-left:0px;--awb-border-radius-top-right:0px;--awb-border-radius-bottom-right:0px;--awb-border-radius-bottom-left:0px;--awb-padding-bottom:0px;--awb-flex-wrap:wrap;\" ><div class=\"fusion-builder-row fusion-row fusion-flex-align-items-flex-start fusion-flex-content-wrap\" style=\"max-width:1420.64px;margin-left: calc(-4% \/ 2 );margin-right: calc(-4% \/ 2 );\"><div class=\"fusion-layout-column fusion_builder_column fusion-builder-column-5 fusion_builder_column_1_2 1_2 fusion-flex-column fusion-flex-align-self-center\" style=\"--awb-bg-size:cover;--awb-width-large:50%;--awb-margin-top-large:0px;--awb-spacing-right-large:3.84%;--awb-margin-bottom-large:20px;--awb-spacing-left-large:3.84%;--awb-width-medium:50%;--awb-order-medium:0;--awb-spacing-right-medium:3.84%;--awb-spacing-left-medium:3.84%;--awb-width-small:100%;--awb-order-small:0;--awb-spacing-right-small:1.92%;--awb-spacing-left-small:1.92%;\" data-scroll-devices=\"small-visibility,medium-visibility,large-visibility\"><div class=\"fusion-column-wrapper fusion-column-has-shadow fusion-flex-justify-content-flex-start fusion-content-layout-column\"><div class=\"fusion-image-element \" style=\"--awb-caption-title-font-family:var(--h2_typography-font-family);--awb-caption-title-font-weight:var(--h2_typography-font-weight);--awb-caption-title-font-style:var(--h2_typography-font-style);--awb-caption-title-size:var(--h2_typography-font-size);--awb-caption-title-transform:var(--h2_typography-text-transform);--awb-caption-title-line-height:var(--h2_typography-line-height);--awb-caption-title-letter-spacing:var(--h2_typography-letter-spacing);\"><span class=\" fusion-imageframe imageframe-none imageframe-3 hover-type-none\"><img decoding=\"async\" width=\"1200\" height=\"675\" alt=\"LTS Lohmann Hochregallager\" title=\"ltslohmann-hochregallager\" src=\"https:\/\/www.ltslohmann.com\/wp-content\/uploads\/ltslohmann-hochregallager.jpg\" data-orig-src=\"https:\/\/www.ltslohmann.com\/wp-content\/uploads\/ltslohmann-hochregallager.jpg\" class=\"lazyload img-responsive wp-image-25221\" srcset=\"data:image\/svg+xml,%3Csvg%20xmlns%3D%27http%3A%2F%2Fwww.w3.org%2F2000%2Fsvg%27%20width%3D%271200%27%20height%3D%27675%27%20viewBox%3D%270%200%201200%20675%27%3E%3Crect%20width%3D%271200%27%20height%3D%27675%27%20fill-opacity%3D%220%22%2F%3E%3C%2Fsvg%3E\" data-srcset=\"https:\/\/www.ltslohmann.com\/wp-content\/uploads\/ltslohmann-hochregallager-200x113.jpg 200w, https:\/\/www.ltslohmann.com\/wp-content\/uploads\/ltslohmann-hochregallager-400x225.jpg 400w, https:\/\/www.ltslohmann.com\/wp-content\/uploads\/ltslohmann-hochregallager-600x338.jpg 600w, https:\/\/www.ltslohmann.com\/wp-content\/uploads\/ltslohmann-hochregallager-800x450.jpg 800w, https:\/\/www.ltslohmann.com\/wp-content\/uploads\/ltslohmann-hochregallager.jpg 1200w\" data-sizes=\"auto\" data-orig-sizes=\"(max-width: 640px) 100vw, 800px\" \/><\/span><\/div><\/div><\/div><div class=\"fusion-layout-column fusion_builder_column fusion-builder-column-6 fusion_builder_column_1_2 1_2 fusion-flex-column\" style=\"--awb-bg-size:cover;--awb-width-large:50%;--awb-margin-top-large:0px;--awb-spacing-right-large:3.84%;--awb-margin-bottom-large:20px;--awb-spacing-left-large:3.84%;--awb-width-medium:50%;--awb-order-medium:0;--awb-spacing-right-medium:3.84%;--awb-spacing-left-medium:3.84%;--awb-width-small:100%;--awb-order-small:0;--awb-spacing-right-small:1.92%;--awb-spacing-left-small:1.92%;\"><div class=\"fusion-column-wrapper fusion-column-has-shadow fusion-flex-justify-content-flex-start fusion-content-layout-column\"><div class=\"fusion-title title fusion-title-5 fusion-sep-none fusion-title-center fusion-title-text fusion-title-size-three\" style=\"--awb-margin-top-small:10px;--awb-margin-right-small:0px;--awb-margin-bottom-small:10px;--awb-margin-left-small:0px;\"><h3 class=\"fusion-title-heading title-heading-center fusion-responsive-typography-calculated\" style=\"margin:0;--fontSize:32;line-height:1.07;\">We Care, We Create, We Deliver \u2013 unsere Philosophie gilt auch f\u00fcr unser CDMO-Angebot<\/h3><\/div><div class=\"fusion-text fusion-text-3\"><p>Der bevorzugte CDMO-Partner zu sein ist eine Frage der Einstellung. Zusammen mit unseren Pharmapartnern gibt es immer einen Weg und eine L\u00f6sung. Unsere engagierten, leidenschaftlichen Projektteams h\u00f6ren zu und sind f\u00fcr Sie da. Wir sind nur dann erfolgreich, wenn Sie es sind.<br \/>Ganz gleich, ob eine LTS-Plattform oder Ihre eigene Entwicklung \u2013 es ist unser Ziel, der Partner Ihrer Wahl zu sein.<\/p>\n<\/div><\/div><\/div><\/div><\/div><\/p>\n","protected":false},"excerpt":{"rendered":"","protected":false},"author":1,"featured_media":25220,"parent":19916,"menu_order":40,"comment_status":"closed","ping_status":"closed","template":"100-width.php","meta":{"footnotes":""},"class_list":["post-25219","page","type-page","status-publish","has-post-thumbnail","hentry"],"_links":{"self":[{"href":"https:\/\/www.ltslohmann.com\/de\/wp-json\/wp\/v2\/pages\/25219","targetHints":{"allow":["GET"]}}],"collection":[{"href":"https:\/\/www.ltslohmann.com\/de\/wp-json\/wp\/v2\/pages"}],"about":[{"href":"https:\/\/www.ltslohmann.com\/de\/wp-json\/wp\/v2\/types\/page"}],"author":[{"embeddable":true,"href":"https:\/\/www.ltslohmann.com\/de\/wp-json\/wp\/v2\/users\/1"}],"replies":[{"embeddable":true,"href":"https:\/\/www.ltslohmann.com\/de\/wp-json\/wp\/v2\/comments?post=25219"}],"version-history":[{"count":9,"href":"https:\/\/www.ltslohmann.com\/de\/wp-json\/wp\/v2\/pages\/25219\/revisions"}],"predecessor-version":[{"id":30160,"href":"https:\/\/www.ltslohmann.com\/de\/wp-json\/wp\/v2\/pages\/25219\/revisions\/30160"}],"up":[{"embeddable":true,"href":"https:\/\/www.ltslohmann.com\/de\/wp-json\/wp\/v2\/pages\/19916"}],"wp:featuredmedia":[{"embeddable":true,"href":"https:\/\/www.ltslohmann.com\/de\/wp-json\/wp\/v2\/media\/25220"}],"wp:attachment":[{"href":"https:\/\/www.ltslohmann.com\/de\/wp-json\/wp\/v2\/media?parent=25219"}],"curies":[{"name":"wp","href":"https:\/\/api.w.org\/{rel}","templated":true}]}}