{"id":25841,"date":"2023-07-28T09:35:13","date_gmt":"2023-07-28T07:35:13","guid":{"rendered":"https:\/\/www.ltslohmann.com\/?page_id=25841"},"modified":"2023-07-28T09:47:40","modified_gmt":"2023-07-28T07:47:40","slug":"datenschutzerklaerung-essbares-glueck","status":"publish","type":"page","link":"https:\/\/www.ltslohmann.com\/de\/datenschutzerklaerung-essbares-glueck\/","title":{"rendered":"Datenschutzerkl\u00e4rung f\u00fcr die Landingpage im Rahmen der Aktion &#8222;Essbares Gl\u00fcck!&#8220;"},"content":{"rendered":"<div class=\"fusion-fullwidth fullwidth-box fusion-builder-row-1 fusion-flex-container has-pattern-background has-mask-background nonhundred-percent-fullwidth non-hundred-percent-height-scrolling\" style=\"--awb-border-radius-top-left:0px;--awb-border-radius-top-right:0px;--awb-border-radius-bottom-right:0px;--awb-border-radius-bottom-left:0px;--awb-padding-right:5%;--awb-padding-left:5%;--awb-flex-wrap:wrap;\" ><div class=\"fusion-builder-row fusion-row fusion-flex-align-items-flex-start fusion-flex-content-wrap\" style=\"max-width:1420.64px;margin-left: calc(-4% \/ 2 );margin-right: calc(-4% \/ 2 );\"><div class=\"fusion-layout-column fusion_builder_column fusion-builder-column-0 fusion_builder_column_1_1 1_1 fusion-flex-column\" style=\"--awb-bg-size:cover;--awb-width-large:100%;--awb-margin-top-large:0px;--awb-spacing-right-large:1.92%;--awb-margin-bottom-large:20px;--awb-spacing-left-large:1.92%;--awb-width-medium:100%;--awb-order-medium:0;--awb-spacing-right-medium:1.92%;--awb-spacing-left-medium:1.92%;--awb-width-small:100%;--awb-order-small:0;--awb-spacing-right-small:1.92%;--awb-spacing-left-small:1.92%;\"><div class=\"fusion-column-wrapper fusion-column-has-shadow fusion-flex-justify-content-flex-start fusion-content-layout-column\"><div class=\"fusion-title title fusion-title-1 fusion-sep-none fusion-title-center fusion-title-text fusion-title-size-one\" style=\"--awb-margin-top-small:10px;--awb-margin-right-small:0px;--awb-margin-bottom-small:10px;--awb-margin-left-small:0px;\"><h1 class=\"fusion-title-heading title-heading-center fusion-responsive-typography-calculated\" style=\"margin:0;--fontSize:50;line-height:1.15;\">Datenschutzerkl\u00e4rung f\u00fcr die Landingpage im Rahmen der Aktion &#8222;Essbares Gl\u00fcck!&#8220;<\/h1><\/div><div class=\"fusion-text fusion-text-1\"><p>Wir freuen uns, dass Sie unsere Landingpage besuchen und bedanken uns f\u00fcr Ihr Interesse an unserer Aktion. Es ist uns sehr wichtig, verantwortungsvoll mit Ihren pers\u00f6nlichen Daten umzugehen. Die Beachtung der Datenschutzbestimmungen bei der Verwendung Ihrer personenbezogenen Daten ist f\u00fcr uns daher eine Selbstverst\u00e4ndlichkeit. Wir wollen, dass Ihr Besuch auf unserer Landingpage sicher ist und Sie sich wohl f\u00fchlen.<br \/>\nDie Verarbeitung personenbezogener Daten, beispielsweise des Vor- und Nachnamens einer betroffenen Person, erfolgt stets im Einklang mit der Datenschutz-Grundverordnung und in \u00dcbereinstimmung mit den geltenden landesspezifischen Datenschutzbestimmungen. Mittels dieser Datenschutzerkl\u00e4rung m\u00f6chte unser Unternehmen die \u00d6ffentlichkeit \u00fcber Art, Umfang und Zweck, der von uns erhobenen, genutzten und verarbeiteten personenbezogenen Daten informieren. Ferner werden betroffene Personen mittels dieser Datenschutzerkl\u00e4rung \u00fcber die ihnen zustehenden Rechte aufgekl\u00e4rt.<br \/>\nWir haben als Verantwortlicher zahlreiche technische und organisatorische Ma\u00dfnahmen umgesetzt, um einen m\u00f6glichst l\u00fcckenlosen Schutz der \u00fcber diese Internetseite verarbeiteten personenbezogenen Daten sicherzustellen. Dennoch k\u00f6nnen internetbasierte Daten\u00fcbertragungen grunds\u00e4tzlich Sicherheitsl\u00fccken aufweisen, sodass ein absoluter Schutz nicht gew\u00e4hrleistet werden kann. Aus diesem Grund steht es jeder betroffenen Person frei, personenbezogene Daten auch auf alternativen Wegen, beispielsweise telefonisch, an uns zu \u00fcbermitteln.<br \/>\nEine Nutzung der Landingpage ist grunds\u00e4tzlich ohne jede Angabe personenbezogener Daten m\u00f6glich. Sofern eine betroffene Person eine Bestellung \u00fcber unsere Landingpage in Anspruch nehmen m\u00f6chte, k\u00f6nnte jedoch eine Verarbeitung personenbezogener Daten erforderlich werden. Ist die Verarbeitung personenbezogener Daten erforderlich und besteht f\u00fcr eine solche Verarbeitung keine gesetzliche Grundlage, holen wir generell eine Einwilligung der betroffenen Person ein.<\/p>\n<h3>1. Begriffsbestimmungen<\/h3>\n<p>Unsere Datenschutzerkl\u00e4rung beruht auf den Begrifflichkeiten, die durch den Europ\u00e4ischen Richtlinien- und Verordnungsgeber beim Erlass der Datenschutz-Grundverordnung (DS-GVO) verwendet wurden. Unsere Datenschutzerkl\u00e4rung soll sowohl f\u00fcr die \u00d6ffentlichkeit als auch f\u00fcr unsere Kunden, Gesch\u00e4ftspartner, Bewerber, Interessenten und Mitarbeiter einfach lesbar und verst\u00e4ndlich sein. Um dies zu gew\u00e4hrleisten, m\u00f6chten wir vorab die verwendeten Begrifflichkeiten erl\u00e4utern. Wir verwenden in dieser Datenschutzerkl\u00e4rung unter anderem die folgenden Begriffe:<br \/>\n<strong>a) personenbezogene Daten<\/strong><br \/>\nPersonenbezogene Daten sind alle Informationen, die sich auf eine identifizierte oder identifizierbare nat\u00fcrliche Person (im Folgenden \u201ebetroffene Person\u201c) beziehen. Als identifizierbar wird eine nat\u00fcrliche Person angesehen, die direkt oder indirekt, insbesondere mittels Zuordnung zu einer Kennung wie einem Namen, zu einer Kennnummer, zu Standortdaten, zu einer Online-Kennung oder zu einem oder mehreren besonderen Merkmalen, die Ausdruck der physischen, physiologischen, genetischen, psychischen, wirtschaftlichen, kulturellen oder sozialen Identit\u00e4t dieser nat\u00fcrlichen Person sind, identifiziert werden kann.<br \/>\n<strong>b) betroffene Person<\/strong><br \/>\nBetroffene Person ist jede identifizierte oder identifizierbare nat\u00fcrliche Person, deren personenbezogene Daten von dem f\u00fcr die Verarbeitung Verantwortlichen verarbeitet werden.<br \/>\n<strong>c) Verarbeitung<\/strong><br \/>\nVerarbeitung ist jeder, mit oder ohne Hilfe automatisierter Verfahren, ausgef\u00fchrte Vorgang oder jede solche Vorgangsreihe im Zusammenhang mit personenbezogenen Daten wie das Erheben, das Erfassen, die Organisation, das Ordnen, die Speicherung, die Anpassung oder Ver\u00e4nderung, das Auslesen, das Abfragen, die Verwendung, die Offenlegung durch \u00dcbermittlung, Verbreitung oder eine andere Form der Bereitstellung, den Abgleich oder die Verkn\u00fcpfung, die Einschr\u00e4nkung, das L\u00f6schen oder die Vernichtung.<br \/>\n<strong>d) Einschr\u00e4nkung der Verarbeitung<\/strong><br \/>\nEinschr\u00e4nkung der Verarbeitung ist die Markierung gespeicherter personenbezogener Daten mit dem Ziel, ihre k\u00fcnftige Verarbeitung einzuschr\u00e4nken.<br \/>\n<strong>e) Verantwortlicher oder f\u00fcr die Verarbeitung Verantwortlicher<\/strong><br \/>\nVerantwortlicher oder f\u00fcr die Verarbeitung Verantwortlicher ist die nat\u00fcrliche oder juristische Person, Beh\u00f6rde, Einrichtung oder andere Stelle, die allein oder gemeinsam mit anderen \u00fcber die Zwecke und Mittel der Verarbeitung von personenbezogenen Daten entscheidet. Sind die Zwecke und Mittel dieser Verarbeitung durch das Unionsrecht oder das Recht der Mitgliedstaaten vorgegeben, so kann der Verantwortliche, beziehungsweise k\u00f6nnen die bestimmten Kriterien seiner Benennung nach dem Unionsrecht oder dem Recht der Mitgliedstaaten vorgesehen werden.<br \/>\n<strong>f) Auftragsverarbeiter<\/strong><br \/>\nAuftragsverarbeiter ist eine nat\u00fcrliche oder juristische Person, Beh\u00f6rde, Einrichtung oder andere Stelle, die personenbezogene Daten im Auftrag des Verantwortlichen verarbeitet.<br \/>\n<strong>g) Empf\u00e4nger<\/strong><br \/>\nEmpf\u00e4nger ist eine nat\u00fcrliche oder juristische Person, Beh\u00f6rde, Einrichtung oder andere Stelle, der personenbezogene Daten offengelegt werden, unabh\u00e4ngig davon, ob es sich bei ihr um einen Dritten handelt oder nicht. Beh\u00f6rden, die im Rahmen eines bestimmten Untersuchungsauftrags nach dem Unionsrecht oder dem Recht der Mitgliedstaaten m\u00f6glicherweise personenbezogene Daten erhalten, gelten jedoch nicht als Empf\u00e4nger.<br \/>\n<strong>h) Dritter<\/strong><br \/>\nDritter ist eine nat\u00fcrliche oder juristische Person, Beh\u00f6rde, Einrichtung oder andere Stelle au\u00dfer der betroffenen Person, dem Verantwortlichen, dem Auftragsverarbeiter und den Personen, die unter der unmittelbaren Verantwortung des Verantwortlichen oder des Auftragsverarbeiters befugt sind, die personenbezogenen Daten zu verarbeiten.<br \/>\n<strong>i) Einwilligung<\/strong><br \/>\nEinwilligung ist jede von der betroffenen Person freiwillig f\u00fcr den bestimmten Fall in informierter Weise und unmissverst\u00e4ndlich abgegebene Willensbekundung in Form einer Erkl\u00e4rung oder einer sonstigen eindeutigen best\u00e4tigenden Handlung, mit der die betroffene Person zu verstehen gibt, dass sie mit der Verarbeitung der sie betreffenden personenbezogenen Daten einverstanden ist.<\/p>\n<h3>2. Name und Anschrift des f\u00fcr die Verarbeitung Verantwortlichen<\/h3>\n<p>Verantwortlicher im Sinne der Datenschutz-Grundverordnung, sonstiger in den Mitgliedstaaten der Europ\u00e4ischen Union geltenden Datenschutz-gesetze und anderer Bestimmungen mit datenschutzrechtlichem Charakter ist die:<br \/>\nLTS Lohmann Therapie-Systeme AG<br \/>\nLohmannstra\u00dfe 2<br \/>\n<strong>D-56626 Andernach<\/strong><br \/>\nTelefon: (0 26 32) 99-0<br \/>\nTelefax: (0 26 32) 99 11 11<br \/>\nE-Mail: info@ltslohmann.com<br \/>\nInternet: https:\/\/www.ltslohmann.com<\/p>\n<h3>3. Anschrift des Datenschutzbeauftragten<\/h3>\n<p>Der Datenschutzbeauftragte des f\u00fcr die Verarbeitung Verantwortlichen ist:<br \/>\nLTS Lohmann Therapie-Systeme AG<br \/>\nLohmannstra\u00dfe 2<br \/>\n<strong>D-56626 Andernach<\/strong><br \/>\nTelefon: (0 26 32) 99-2736<br \/>\nTelefax: (0 26 32) 99 11 11<br \/>\nE-Mail: datenschutz@ltslohmann.com<br \/>\nInternet: https:\/\/www.ltslohmann.com<br \/>\nDatenschutzbeauftragter: Ralf Brandt<br \/>\nJede betroffene Person kann sich jederzeit bei allen Fragen und Anregungen zum Datenschutz direkt an unseren Datenschutzbeauftragten wenden.<\/p>\n<h3>4. Erfassen von aktionsspezifischen Daten zur Aktion &#8222;Essbares Gl\u00fcck!&#8220;<\/h3>\n<p>4.1 Im Rahmen der Aktion hat jede betroffene Person, der im Voraus der Zugang zu der Landingpage https:\/\/www.ltslohmann.com\/de\/schokodank\/ \u00fcbermittelt wurde, die M\u00f6glichkeit, sich zwei Tafeln Schokolade auszusuchen. F\u00fcr eine grunds\u00e4tzliche Teilnahme an der Aktion f\u00fcllt die Person das gesamte Formular auf der Website zur eindeutigen Identifikation seiner Person im Prozess aus (Vor- und Nachname, Wohnort mit den Daten zu Stra\u00dfe, Postleitzahl und Ort, sowie zwei gew\u00e4hlte Sorten an Schokolade). Diese Daten werden ausschlie\u00dflich zum Zweck der Versendung der Schokoladentafeln und die damit verbundene technische Administration gespeichert und verwendet.<br \/>\n4.2 Bei der blo\u00df informatorischen Nutzung unserer Landingpage, also wenn Sie sich nicht registrieren oder uns anderweitig Informationen \u00fcbermitteln, erheben wir nur solche Daten, die Ihr Browser an den Seitenserver \u00fcbermittelt (sog. \u201eServer-Logfiles\u201c). Wenn Sie unsere Website aufrufen, erheben wir die folgenden Daten, die f\u00fcr uns technisch erforderlich sind, um Ihnen die Website anzuzeigen:<br \/>\nUnsere besuchte Website<br \/>\n\u2022 Datum und Uhrzeit zum Zeitpunkt des Zugriffes<br \/>\n\u2022 Menge der gesendeten Daten in Byte<br \/>\n\u2022 Quelle\/Verweis, von welchem Sie auf die Seite gelangten<br \/>\n\u2022 Verwendeter Browser<br \/>\n\u2022 Verwendetes Betriebssystem<br \/>\n\u2022 Verwendete IP-Adresse (ggf.: in anonymisierter Form)<\/p>\n<h3>5. Datenweitergabe an Dritte Dienstleister<\/h3>\n<p>Im Rahmen der Aktion werden relevante personenbezogene Daten erhoben, um eine Personalisierung und Versendung der Schokolade zu gew\u00e4hrleisten. Die Person best\u00e4tigt im Prozess per Checkbox die hinterlegten Nutzungsbedingungen zur Weiterverarbeitung seiner Daten durch die LTS Lohmann Therapie-Systeme AG sowie ggf. weiteren Dienstleistern zur Versendung der Schokolade.<br \/>\nDie Daten k\u00f6nnen nach Bedarf von der LTS Lohmann Therapie-Systeme AG au\u00dferhalb der Webserver-Umgebung auf lokalen Servern gespeichert werden, die ebenfalls Eigentum der LTS Lohmann Therapie-Systeme AG sind. Zur Versendung der Schokoladengeschenke wird ein Teil der von der betroffenen Person im Prozess eingegebenen Daten (Vorname, Nachname, Wohnort mit den Daten zu Stra\u00dfe, Postleitzahl und Ort) an den Dienstleister KERNenergie GmbH sowie ggf. weiteren Dienstleistern zur Versendung der Schokolade weitergegeben.<\/p>\n<h3>6. Routinem\u00e4\u00dfige L\u00f6schung und Sperrung von personenbezogenen Daten<\/h3>\n<p>Der f\u00fcr die Verarbeitung Verantwortliche verarbeitet und speichert personenbezogene Daten der betroffenen Person nur f\u00fcr den Zeitraum, der zur Erreichung des Speicherungszwecks erforderlich ist oder sofern dies durch den Europ\u00e4ischen Richtlinien- und Verordnungsgeber oder einen anderen Gesetzgeber in Gesetzen oder Vorschriften, welchen der f\u00fcr die Verarbeitung Verantwortliche unterliegt, vorgesehen wurde.<br \/>\nEntf\u00e4llt der Speicherungszweck oder l\u00e4uft eine vom Europ\u00e4ischen Richtlinien- und Verordnungsgeber oder einem anderen zust\u00e4ndigen Gesetzgeber vorgeschriebene Speicherfrist ab, werden die personenbezogenen Daten routinem\u00e4\u00dfig und entsprechend den gesetzlichen Vorschriften gel\u00f6scht.<\/p>\n<h3>7. Rechte der betroffenen Person<\/h3>\n<p><strong>a) Recht auf Best\u00e4tigung<\/strong><br \/>\nJede betroffene Person hat das vom Europ\u00e4ischen Richtlinien- und Verordnungsgeber einger\u00e4umte Recht, von dem f\u00fcr die Verarbeitung Verantwortlichen eine Best\u00e4tigung dar\u00fcber zu verlangen, ob betreffende personenbezogene Daten verarbeitet werden. M\u00f6chte eine betroffene Person dieses Best\u00e4tigungsrecht in Anspruch nehmen, kann sie sich hierzu jederzeit an einen Mitarbeiter des f\u00fcr die Verarbeitung Verantwortlichen wenden.<br \/>\n<strong>b) Recht auf Auskunft<\/strong><br \/>\nJede von der Verarbeitung personenbezogener Daten betroffene Person hat das vom Europ\u00e4ischen Richtlinien- und Verordnungsgeber gew\u00e4hrte Recht, jederzeit von dem f\u00fcr die Verarbeitung Verantwortlichen unentgeltliche Auskunft \u00fcber die zu seiner Person gespeicherten personenbezogenen Daten und eine Kopie dieser Auskunft zu erhalten. Ferner steht der betroffenen Person ein Auskunftsrecht dar\u00fcber zu, ob personenbezogene Daten an ein Drittland oder an eine internationale Organisation \u00fcbermittelt wurden. Sofern dies der Fall ist, so steht der betroffenen Person im \u00dcbrigen das Recht zu, Auskunft \u00fcber die geeigneten Garantien im Zusammenhang mit der \u00dcbermittlung zu erhalten. M\u00f6chte eine betroffene Person dieses Auskunftsrecht in Anspruch nehmen, kann sie sich hierzu jederzeit an einen Mitarbeiter des f\u00fcr die Verarbeitung Verantwortlichen wenden.<br \/>\n<strong>c) Recht auf Widerruf einer datenschutzrechtlichen Einwilligung<\/strong><br \/>\nJede von der Verarbeitung personenbezogener Daten betroffene Person hat das vom Europ\u00e4ischen Richtlinien- und Verordnungsgeber gew\u00e4hrte Recht, eine Einwilligung zur Verarbeitung personenbezogener Daten jederzeit zu widerrufen. M\u00f6chte die betroffene Person ihr Recht auf Widerruf einer Einwilligung geltend machen, hat sie die M\u00f6glichkeit sich hierzu jederzeit per E-Mail an datenschutz@ltslohmann.com zu wenden, damit dem L\u00f6schverlangen unverz\u00fcglich nachgekommen wird.<br \/>\n<strong>d) Beschwerderecht bei einer Aufsichtsbeh\u00f6rde<\/strong><br \/>\nSie haben das Recht zur Beschwerde bei einer Aufsichtsbeh\u00f6rde (Art. 77 DSGVO).<br \/>\nDie f\u00fcr uns zust\u00e4ndige Beh\u00f6rde ist:<br \/>\nAufsichtsbeh\u00f6rde f\u00fcr den Datenschutz im nicht-\u00f6ffentlichen Bereich in Rheinland-Pfalz<br \/>\nDer Landesbeauftragte f\u00fcr den Datenschutz Rheinland-Pfalz<br \/>\nHintere Bleiche 34, 55116 Mainz<br \/>\nTelefon +49(0)6131-208-2449<br \/>\nTelefax +49(0)6131-208-2497<br \/>\nE-Mail: poststelle@datenschutz.rlp.de<\/p>\n<h3>8. Rechtsgrundlage der Verarbeitung<\/h3>\n<p>Art. 6 I lit. a DS-GVO dient unserem Unternehmen als Rechtsgrundlage f\u00fcr Verarbeitungsvorg\u00e4nge, bei denen wir eine Einwilligung f\u00fcr einen bestimmten Verarbeitungszweck einholen.<br \/>\nDie Verarbeitung erfolgt gem\u00e4\u00df Art. 6 Abs. 1 lit. f DSGVO auf Basis unseres berechtigten Interesses an der Verbesserung der Stabilit\u00e4t und Funktionalit\u00e4t unserer Website. Eine Weitergabe oder anderweitige Verwendung der Daten findet nicht statt. Wir behalten uns allerdings vor, die Server-Logfiles nachtr\u00e4glich zu \u00fcberpr\u00fcfen, sollten konkrete Anhaltspunkte auf eine rechtswidrige Nutzung hinweisen.<br \/>\nDiese Website nutzt aus Sicherheitsgr\u00fcnden und zum Schutz der \u00dcbertragung personenbezogener Daten und anderer vertraulicher Inhalte eine SSL-bzw. TLS-Verschl\u00fcsselung. Sie k\u00f6nnen eine verschl\u00fcsselte Verbindung an der Zeichenfolge \u201ehttps:\/\/\u201c und dem Schloss-Symbol in Ihrer Browserzeile erkennen.<\/p>\n<p><em>Hinweis: S\u00e4mtliche Bezeichnungen richten sich an alle Geschlechter.<\/em><\/p>\n<\/div><\/div><\/div><\/div><\/div>\n","protected":false},"excerpt":{"rendered":"","protected":false},"author":1,"featured_media":0,"parent":0,"menu_order":0,"comment_status":"closed","ping_status":"closed","template":"","meta":{"footnotes":""},"class_list":["post-25841","page","type-page","status-publish","hentry"],"_links":{"self":[{"href":"https:\/\/www.ltslohmann.com\/de\/wp-json\/wp\/v2\/pages\/25841","targetHints":{"allow":["GET"]}}],"collection":[{"href":"https:\/\/www.ltslohmann.com\/de\/wp-json\/wp\/v2\/pages"}],"about":[{"href":"https:\/\/www.ltslohmann.com\/de\/wp-json\/wp\/v2\/types\/page"}],"author":[{"embeddable":true,"href":"https:\/\/www.ltslohmann.com\/de\/wp-json\/wp\/v2\/users\/1"}],"replies":[{"embeddable":true,"href":"https:\/\/www.ltslohmann.com\/de\/wp-json\/wp\/v2\/comments?post=25841"}],"version-history":[{"count":6,"href":"https:\/\/www.ltslohmann.com\/de\/wp-json\/wp\/v2\/pages\/25841\/revisions"}],"predecessor-version":[{"id":25847,"href":"https:\/\/www.ltslohmann.com\/de\/wp-json\/wp\/v2\/pages\/25841\/revisions\/25847"}],"wp:attachment":[{"href":"https:\/\/www.ltslohmann.com\/de\/wp-json\/wp\/v2\/media?parent=25841"}],"curies":[{"name":"wp","href":"https:\/\/api.w.org\/{rel}","templated":true}]}}