{"id":28584,"date":"2025-06-11T12:49:07","date_gmt":"2025-06-11T10:49:07","guid":{"rendered":"https:\/\/www.ltslohmann.com\/?page_id=28584"},"modified":"2025-09-02T15:04:17","modified_gmt":"2025-09-02T13:04:17","slug":"duales-studium-business-administration-industriekaufmann","status":"publish","type":"page","link":"https:\/\/www.ltslohmann.com\/de\/karriere\/schueler-innen\/duales-studium-business-administration-industriekaufmann\/","title":{"rendered":"Duales Studium Business Administration\/Industriekaufmann"},"content":{"rendered":"<div class=\"fusion-fullwidth fullwidth-box fusion-builder-row-1 fusion-flex-container has-pattern-background has-mask-background nonhundred-percent-fullwidth non-hundred-percent-height-scrolling\" style=\"--link_hover_color: var(--awb-color5);--link_color: var(--awb-color6);--awb-border-radius-top-left:0px;--awb-border-radius-top-right:0px;--awb-border-radius-bottom-right:0px;--awb-border-radius-bottom-left:0px;--awb-padding-right-small:0px;--awb-padding-left-small:0px;--awb-flex-wrap:wrap;\" ><div class=\"fusion-builder-row fusion-row fusion-flex-align-items-flex-start fusion-flex-content-wrap\" style=\"max-width:1420.64px;margin-left: calc(-4% \/ 2 );margin-right: calc(-4% \/ 2 );\"><div class=\"fusion-layout-column fusion_builder_column fusion-builder-column-0 fusion_builder_column_2_3 2_3 fusion-flex-column\" style=\"--awb-bg-size:cover;--awb-width-large:66.666666666667%;--awb-margin-top-large:0px;--awb-spacing-right-large:2.88%;--awb-margin-bottom-large:20px;--awb-spacing-left-large:2.88%;--awb-width-medium:100%;--awb-order-medium:0;--awb-spacing-right-medium:1.92%;--awb-spacing-left-medium:1.92%;--awb-width-small:100%;--awb-order-small:0;--awb-spacing-right-small:1.92%;--awb-margin-bottom-small:30px;--awb-spacing-left-small:1.92%;\" data-scroll-devices=\"small-visibility,medium-visibility,large-visibility\"><div class=\"fusion-column-wrapper fusion-column-has-shadow fusion-flex-justify-content-flex-start fusion-content-layout-column\"><div class=\"fusion-video fusion-selfhosted-video\" style=\"max-width:100%;\"><div class=\"video-wrapper\"><video playsinline=\"true\" width=\"100%\" style=\"object-fit: cover;\" autoplay=\"true\" muted=\"true\" loop=\"true\" preload=\"auto\" controls=\"1\"><source src=\"https:\/\/www.ltslohmann.com\/wp-content\/uploads\/lts-duales-studium-industriekaufmann-zero-to-hero.mp4\" type=\"video\/mp4\">Sorry, your browser doesn&#039;t support embedded videos.<\/video><\/div><\/div><div class=\"fusion-title title fusion-title-1 fusion-sep-none fusion-title-text fusion-title-size-one\" style=\"--awb-margin-top:45px;--awb-margin-top-small:30px;--awb-margin-right-small:0px;--awb-margin-bottom-small:10px;--awb-margin-left-small:0px;--awb-font-size:32px;\"><h1 class=\"fusion-title-heading title-heading-left fusion-responsive-typography-calculated\" style=\"font-family:&quot;Poppins&quot;;font-style:normal;font-weight:600;margin:0;font-size:1em;--fontSize:32;line-height:1.15;\">Duales Studium Business Administration \/ Industriekaufmann (m\/w\/d)<\/h1><\/div><div class=\"fusion-text fusion-text-1 fusion-text-no-margin\" style=\"--awb-font-size:16px;--awb-line-height:1.72;--awb-margin-bottom:15px;--awb-text-font-family:&quot;IBM Plex Sans&quot;;--awb-text-font-style:normal;--awb-text-font-weight:400;\"><p>Beim dualen Studium kombinierst Du ein betriebswirtschaftliches Studium an der Hochschule Koblenz mit dem IHK-Ausbildungsberuf \u201eIndustriekaufmann (m\/w\/d)\u201c. So verf\u00fcgst Du am Ende Deiner Ausbildung \u00fcber zwei Abschl\u00fcsse: den IHK-Abschluss zum \u201eIndustriekaufmann (m\/w\/d)\u201c und den akademischen Grad \u201eBachelor of Science (HS)\u201c.<\/p>\n<p>W\u00e4hrend Deiner betrieblichen Ausbildung zum Industriekaufmann (m\/w\/d) lernst Du alle Bereiche der LTS-Verwaltung kennen. Einkauf und Finanzen, Vertrieb, Lagerhaltung, Kundenservice, Fertigungssteuerung, Marketing und Human Relations sind Gebiete, in denen Du Dich entfalten kannst. Du planst, koordinierst, organisierst, kommunizierst und beh\u00e4ltst das gro\u00dfe Ganze dabei im Blick.<\/p>\n<p><a href=\"https:\/\/www.hs-koblenz.de\/studieninteressierte\/bachelor-business-administration-dual-ausbildung\" target=\"_blank\" rel=\"noopener nofollow noreferrer\"><u>Weitere Informationen zum Dualen Studium im Fachbereich BWL findest Du hier.<\/u><\/a><\/p>\n<p><strong>Das solltest du mitbringen:<\/strong><\/p>\n<ul>\n<li>Abitur oder Fachabitur<\/li>\n<li>Ausgepr\u00e4gtes Interesse an wirtschaftlichen und organisatorischen Zusammenh\u00e4ngen<\/li>\n<li>Gute schulische Leistungen<\/li>\n<\/ul>\n<p><strong>Ausbildungsdauer:<\/strong><\/p>\n<ul>\n<li>2,5 Jahre Industriekaufmann (m\/w\/d)<\/li>\n<li>nach insg. 3,5 Jahre Bachelor of Science (HS)<\/li>\n<\/ul>\n<\/div><div ><a class=\"fusion-button button-flat fusion-button-default-size button-custom fusion-button-default button-1 fusion-button-default-span fusion-button-default-type lts-btn-green-karriere btn-jib\" style=\"--awb-padding-top:15px;--awb-padding-right:30px;--awb-padding-bottom:15px;--awb-padding-left:30px;--button_accent_color:var(--awb-color1);--button_accent_hover_color:var(--awb-color1);--button_border_hover_color:#ffffff;--button-border-radius-top-left:4px;--button-border-radius-top-right:4px;--button-border-radius-bottom-right:4px;--button-border-radius-bottom-left:4px;--button_gradient_top_color:var(--awb-color5);--button_gradient_bottom_color:var(--awb-color5);--button_gradient_top_color_hover:var(--awb-color7);--button_gradient_bottom_color_hover:var(--awb-color7);--button_text_transform:none;--button_typography-font-family:&quot;IBM Plex Sans&quot;;--button_typography-font-style:normal;--button_typography-font-weight:500;\" target=\"_blank\" rel=\"noopener noreferrer\" href=\"https:\/\/jobs.ltslohmann.de\/go\/Duales-Studium\/9633601\/\"><i class=\"fa-angle-double-right fas awb-button__icon awb-button__icon--default button-icon-left\" aria-hidden=\"true\"><\/i><span class=\"fusion-button-text awb-button__text awb-button__text--default\">Jetzt bewerben<\/span><\/a><\/div><\/div><\/div><div class=\"fusion-layout-column fusion_builder_column fusion-builder-column-1 fusion_builder_column_1_3 1_3 fusion-flex-column\" style=\"--awb-padding-top:20px;--awb-padding-right:30px;--awb-padding-bottom:20px;--awb-padding-left:30px;--awb-bg-color:#dddacf;--awb-bg-color-hover:#dddacf;--awb-bg-size:cover;--awb-width-large:33.333333333333%;--awb-margin-top-large:0px;--awb-spacing-right-large:5.76%;--awb-margin-bottom-large:0px;--awb-spacing-left-large:5.76%;--awb-width-medium:66.666666666667%;--awb-order-medium:0;--awb-spacing-right-medium:2.88%;--awb-spacing-left-medium:2.88%;--awb-width-small:100%;--awb-order-small:0;--awb-spacing-right-small:1.92%;--awb-spacing-left-small:1.92%;\" data-scroll-devices=\"small-visibility,medium-visibility,large-visibility\"><div class=\"fusion-column-wrapper fusion-column-has-shadow fusion-flex-justify-content-flex-start fusion-content-layout-column\"><div class=\"fusion-title title fusion-title-2 fusion-sep-none fusion-title-text fusion-title-size-div\" style=\"--awb-margin-top-small:10px;--awb-margin-right-small:0px;--awb-margin-bottom-small:10px;--awb-margin-left-small:0px;--awb-font-size:32px;\"><div class=\"fusion-title-heading title-heading-left title-heading-tag fusion-responsive-typography-calculated\" style=\"font-family:&quot;Poppins&quot;;font-style:normal;font-weight:600;margin:0;font-size:1em;--fontSize:32;line-height:1.3;\">Noch nicht alle Fragen gekl\u00e4rt?<\/div><\/div><div class=\"fusion-text fusion-text-2\" style=\"--awb-font-size:16px;--awb-line-height:1.72;--awb-text-font-family:&quot;IBM Plex Sans&quot;;--awb-text-font-style:normal;--awb-text-font-weight:400;\"><p>Unser Karriere-Team hilft Dir gerne weiter!<\/p>\n<\/div><div class=\"fusion-image-element \" style=\"text-align:center;--awb-margin-top-medium:30px;--awb-margin-right-medium:30px;--awb-margin-bottom-medium:30px;--awb-margin-left-medium:30px;--awb-margin-top-small:10px;--awb-margin-right-small:30px;--awb-margin-bottom-small:10px;--awb-margin-left-small:30px;--awb-caption-title-font-family:var(--h2_typography-font-family);--awb-caption-title-font-weight:var(--h2_typography-font-weight);--awb-caption-title-font-style:var(--h2_typography-font-style);--awb-caption-title-size:var(--h2_typography-font-size);--awb-caption-title-transform:var(--h2_typography-text-transform);--awb-caption-title-line-height:var(--h2_typography-line-height);--awb-caption-title-letter-spacing:var(--h2_typography-letter-spacing);\"><span class=\" fusion-imageframe imageframe-none imageframe-1 hover-type-zoomin\" style=\"border-radius:50%;\"><img decoding=\"async\" width=\"900\" height=\"900\" alt=\"Portr\u00e4t von Sarah Lauermann aus dem LTS-Karriere-Team.\" title=\"Sahra-Lauermann-lts\" src=\"https:\/\/www.ltslohmann.com\/wp-content\/uploads\/Sahra-Lauermann-lts.webp\" data-orig-src=\"https:\/\/www.ltslohmann.com\/wp-content\/uploads\/Sahra-Lauermann-lts.webp\" class=\"lazyload img-responsive wp-image-29206\" srcset=\"data:image\/svg+xml,%3Csvg%20xmlns%3D%27http%3A%2F%2Fwww.w3.org%2F2000%2Fsvg%27%20width%3D%27900%27%20height%3D%27900%27%20viewBox%3D%270%200%20900%20900%27%3E%3Crect%20width%3D%27900%27%20height%3D%27900%27%20fill-opacity%3D%220%22%2F%3E%3C%2Fsvg%3E\" data-srcset=\"https:\/\/www.ltslohmann.com\/wp-content\/uploads\/Sahra-Lauermann-lts-200x200.webp 200w, https:\/\/www.ltslohmann.com\/wp-content\/uploads\/Sahra-Lauermann-lts-400x400.webp 400w, https:\/\/www.ltslohmann.com\/wp-content\/uploads\/Sahra-Lauermann-lts-600x600.webp 600w, https:\/\/www.ltslohmann.com\/wp-content\/uploads\/Sahra-Lauermann-lts-800x800.webp 800w, https:\/\/www.ltslohmann.com\/wp-content\/uploads\/Sahra-Lauermann-lts.webp 900w\" data-sizes=\"auto\" data-orig-sizes=\"(max-width: 640px) 100vw, 400px\" \/><\/span><\/div><div class=\"fusion-text fusion-text-3\" style=\"--awb-font-size:16px;--awb-line-height:1.72;--awb-margin-top:10px;--awb-text-font-family:&quot;IBM Plex Sans&quot;;--awb-text-font-style:normal;--awb-text-font-weight:400;\"><p><strong>Sarah Lauermann<\/strong><br \/>\n<a href=\"mailto:Sarah.lauermann@ltslohmann.com\">Sarah.lauermann@ltslohmann.com<\/a><\/p>\n<\/div><div class=\"fusion-text fusion-text-4\" style=\"--awb-font-size:12px;--awb-line-height:1.72;--awb-text-font-family:&quot;IBM Plex Sans&quot;;--awb-text-font-style:normal;--awb-text-font-weight:400;\"><p>Aus datenschutzrechtlichen Gr\u00fcnden k\u00f6nnen wir Bewerbungen per E-Mail oder Post nicht annehmen.<\/p>\n<\/div><\/div><\/div>\n<\/div><\/div>\n","protected":false},"excerpt":{"rendered":"","protected":false},"author":1,"featured_media":0,"parent":27959,"menu_order":0,"comment_status":"closed","ping_status":"closed","template":"","meta":{"footnotes":""},"class_list":["post-28584","page","type-page","status-publish","hentry"],"_links":{"self":[{"href":"https:\/\/www.ltslohmann.com\/de\/wp-json\/wp\/v2\/pages\/28584","targetHints":{"allow":["GET"]}}],"collection":[{"href":"https:\/\/www.ltslohmann.com\/de\/wp-json\/wp\/v2\/pages"}],"about":[{"href":"https:\/\/www.ltslohmann.com\/de\/wp-json\/wp\/v2\/types\/page"}],"author":[{"embeddable":true,"href":"https:\/\/www.ltslohmann.com\/de\/wp-json\/wp\/v2\/users\/1"}],"replies":[{"embeddable":true,"href":"https:\/\/www.ltslohmann.com\/de\/wp-json\/wp\/v2\/comments?post=28584"}],"version-history":[{"count":9,"href":"https:\/\/www.ltslohmann.com\/de\/wp-json\/wp\/v2\/pages\/28584\/revisions"}],"predecessor-version":[{"id":29769,"href":"https:\/\/www.ltslohmann.com\/de\/wp-json\/wp\/v2\/pages\/28584\/revisions\/29769"}],"up":[{"embeddable":true,"href":"https:\/\/www.ltslohmann.com\/de\/wp-json\/wp\/v2\/pages\/27959"}],"wp:attachment":[{"href":"https:\/\/www.ltslohmann.com\/de\/wp-json\/wp\/v2\/media?parent=28584"}],"curies":[{"name":"wp","href":"https:\/\/api.w.org\/{rel}","templated":true}]}}