{"id":29115,"date":"2025-06-29T22:22:30","date_gmt":"2025-06-29T20:22:30","guid":{"rendered":"https:\/\/www.ltslohmann.com\/?page_id=29115"},"modified":"2025-08-15T09:40:43","modified_gmt":"2025-08-15T07:40:43","slug":"ladesaeule","status":"publish","type":"page","link":"https:\/\/www.ltslohmann.com\/de\/ladesaeule\/","title":{"rendered":"Ladesaeule"},"content":{"rendered":"<div class=\"fusion-fullwidth fullwidth-box fusion-builder-row-1 fusion-flex-container has-pattern-background has-mask-background nonhundred-percent-fullwidth non-hundred-percent-height-scrolling\" style=\"--awb-border-radius-top-left:0px;--awb-border-radius-top-right:0px;--awb-border-radius-bottom-right:0px;--awb-border-radius-bottom-left:0px;--awb-padding-top:0px;--awb-padding-right:0px;--awb-padding-bottom:0px;--awb-padding-left:0px;--awb-flex-wrap:wrap;\" ><div class=\"fusion-builder-row fusion-row fusion-flex-align-items-flex-start fusion-flex-content-wrap\" style=\"max-width:1420.64px;margin-left: calc(-4% \/ 2 );margin-right: calc(-4% \/ 2 );\"><div class=\"fusion-layout-column fusion_builder_column fusion-builder-column-0 fusion_builder_column_1_1 1_1 fusion-flex-column\" style=\"--awb-bg-size:cover;--awb-width-large:100%;--awb-margin-top-large:0px;--awb-spacing-right-large:1.92%;--awb-margin-bottom-large:20px;--awb-spacing-left-large:1.92%;--awb-width-medium:100%;--awb-order-medium:0;--awb-spacing-right-medium:1.92%;--awb-spacing-left-medium:1.92%;--awb-width-small:100%;--awb-order-small:0;--awb-spacing-right-small:1.92%;--awb-spacing-left-small:1.92%;\"><div class=\"fusion-column-wrapper fusion-column-has-shadow fusion-flex-justify-content-flex-start fusion-content-layout-column\"><div class=\"fusion-text fusion-text-1\"><h3>Nutzung der E-Lades\u00e4ulen<\/h3>\n<p>Um unseren Mitarbeitenden und G\u00e4sten eine komfortable und nachhaltige M\u00f6glichkeit zum Aufladen ihrer Elektrofahrzeuge zu bieten, haben wir auf unseren Mitarbeiterparkpl\u00e4tzen E-Lades\u00e4ulen installiert. Wir danken Ihnen f\u00fcr Ihre Kooperation und Ihr Verst\u00e4ndnis bei der Nutzung unserer E-Lades\u00e4ulen. Diese Hinweise sollen dazu beitragen, dass alle Mitarbeitenden und G\u00e4ste die Lades\u00e4ulen effizient und fair nutzen k\u00f6nnen.<\/p>\n<p><strong>Bitte lesen Sie die folgenden Punkte sorgf\u00e4ltig durch und respektieren Sie diese.<\/strong><\/p>\n<ol>\n<li><strong>Wer darf die Lades\u00e4ulen nutzen?<br \/><\/strong>Alle Mitarbeitenden der LTS f\u00fcr bei LTS registrierte private Fahrzeuge sowie dienstlich genutzte Mietwagen<br \/>Besucher, Kunden und Dienstleister der LTS<\/li>\n<li><strong>Wie lange darf geladen bzw. an der Lades\u00e4ule gestanden werden?<\/strong><br \/>Die maximale Ladedauer betr\u00e4gt 5 Stunden.<br \/>Sobald die Ladung abgeschlossen bzw. die maximale Ladezeit erreicht ist, sollte das Fahrzeug aus kollegialen Gr\u00fcnden grunds\u00e4tzlich umgeparkt werden, damit die S\u00e4ule wieder f\u00fcr das Laden anderer Fahrzeuge bereitsteht.<br \/>Das Umparken erfolgt vorbehaltlich dringender dienstlicher oder schichtorganisatorischer Gr\u00fcnde<br \/>Umparken z\u00e4hlt nicht als Arbeitszeit \u2013 bitte ausstempeln.<br \/>Das Parken ohne Ladevorgang ist nicht gestattet.<\/li>\n<li><strong>Aufladen durch Besucher, Kunden und Lieferanten<\/strong><br \/>Besucher, Kunden und Lieferanten k\u00f6nnen die Lades\u00e4ulen auf dem Parkplatz Verwaltung und der Pforte nutzen in eigener Verantwortung \u00fcber die individuelle Tank- oder Lade-App von ChargeOne.<br \/>LTS gibt keine Ladekarten an Dritte aus<\/li>\n<li><strong>Reservierungsm\u00f6glichkeiten<\/strong><br \/>Eine Reservierung von Lades\u00e4ulen oder -zeiten ist nicht m\u00f6glich.<\/li>\n<li><strong>Abrechnung<\/strong><br \/>Die Abrechnung erfolgt direkt \u00fcber unseren Anbieter Charge One. LTS ist nicht in den Abrechnungsprozess involviert.<\/li>\n<li><strong>Ansprechpartner bei Problemen und St\u00f6rungen<\/strong><br \/>Siehe Schild an den Lades\u00e4ulen.<\/li>\n<\/ol>\n<\/div><\/div><\/div><div class=\"fusion-layout-column fusion_builder_column fusion-builder-column-1 fusion_builder_column_1_1 1_1 fusion-flex-column\" style=\"--awb-bg-size:cover;--awb-width-large:100%;--awb-margin-top-large:0px;--awb-spacing-right-large:1.92%;--awb-margin-bottom-large:20px;--awb-spacing-left-large:1.92%;--awb-width-medium:100%;--awb-order-medium:0;--awb-spacing-right-medium:1.92%;--awb-spacing-left-medium:1.92%;--awb-width-small:100%;--awb-order-small:0;--awb-spacing-right-small:1.92%;--awb-spacing-left-small:1.92%;\"><div class=\"fusion-column-wrapper fusion-column-has-shadow fusion-flex-justify-content-flex-start fusion-content-layout-column\"><div class=\"fusion-image-element \" style=\"text-align:center;--awb-caption-title-font-family:var(--h2_typography-font-family);--awb-caption-title-font-weight:var(--h2_typography-font-weight);--awb-caption-title-font-style:var(--h2_typography-font-style);--awb-caption-title-size:var(--h2_typography-font-size);--awb-caption-title-transform:var(--h2_typography-text-transform);--awb-caption-title-line-height:var(--h2_typography-line-height);--awb-caption-title-letter-spacing:var(--h2_typography-letter-spacing);\"><span class=\" fusion-imageframe imageframe-none imageframe-1 hover-type-none\"><img decoding=\"async\" width=\"1500\" height=\"2107\" title=\"ltslohmann-ladesaeule-chargeone_1\" src=\"https:\/\/www.ltslohmann.com\/wp-content\/uploads\/ltslohmann-ladesaeule-chargeone_1.jpg\" data-orig-src=\"https:\/\/www.ltslohmann.com\/wp-content\/uploads\/ltslohmann-ladesaeule-chargeone_1.jpg\" alt class=\"lazyload img-responsive wp-image-29116\" srcset=\"data:image\/svg+xml,%3Csvg%20xmlns%3D%27http%3A%2F%2Fwww.w3.org%2F2000%2Fsvg%27%20width%3D%271500%27%20height%3D%272107%27%20viewBox%3D%270%200%201500%202107%27%3E%3Crect%20width%3D%271500%27%20height%3D%272107%27%20fill-opacity%3D%220%22%2F%3E%3C%2Fsvg%3E\" data-srcset=\"https:\/\/www.ltslohmann.com\/wp-content\/uploads\/ltslohmann-ladesaeule-chargeone_1-200x281.jpg 200w, https:\/\/www.ltslohmann.com\/wp-content\/uploads\/ltslohmann-ladesaeule-chargeone_1-400x562.jpg 400w, https:\/\/www.ltslohmann.com\/wp-content\/uploads\/ltslohmann-ladesaeule-chargeone_1-600x843.jpg 600w, https:\/\/www.ltslohmann.com\/wp-content\/uploads\/ltslohmann-ladesaeule-chargeone_1-800x1124.jpg 800w, https:\/\/www.ltslohmann.com\/wp-content\/uploads\/ltslohmann-ladesaeule-chargeone_1-1200x1686.jpg 1200w, https:\/\/www.ltslohmann.com\/wp-content\/uploads\/ltslohmann-ladesaeule-chargeone_1.jpg 1500w\" data-sizes=\"auto\" data-orig-sizes=\"(max-width: 640px) 100vw, 1500px\" \/><\/span><\/div><div class=\"fusion-image-element \" style=\"text-align:center;--awb-caption-title-font-family:var(--h2_typography-font-family);--awb-caption-title-font-weight:var(--h2_typography-font-weight);--awb-caption-title-font-style:var(--h2_typography-font-style);--awb-caption-title-size:var(--h2_typography-font-size);--awb-caption-title-transform:var(--h2_typography-text-transform);--awb-caption-title-line-height:var(--h2_typography-line-height);--awb-caption-title-letter-spacing:var(--h2_typography-letter-spacing);\"><span class=\" fusion-imageframe imageframe-none imageframe-2 hover-type-none\"><img decoding=\"async\" width=\"1500\" height=\"2107\" title=\"ltslohmann-ladesaeule-chargeone_2\" src=\"https:\/\/www.ltslohmann.com\/wp-content\/uploads\/ltslohmann-ladesaeule-chargeone_2.jpg\" data-orig-src=\"https:\/\/www.ltslohmann.com\/wp-content\/uploads\/ltslohmann-ladesaeule-chargeone_2.jpg\" alt class=\"lazyload img-responsive wp-image-29117\" srcset=\"data:image\/svg+xml,%3Csvg%20xmlns%3D%27http%3A%2F%2Fwww.w3.org%2F2000%2Fsvg%27%20width%3D%271500%27%20height%3D%272107%27%20viewBox%3D%270%200%201500%202107%27%3E%3Crect%20width%3D%271500%27%20height%3D%272107%27%20fill-opacity%3D%220%22%2F%3E%3C%2Fsvg%3E\" data-srcset=\"https:\/\/www.ltslohmann.com\/wp-content\/uploads\/ltslohmann-ladesaeule-chargeone_2-200x281.jpg 200w, https:\/\/www.ltslohmann.com\/wp-content\/uploads\/ltslohmann-ladesaeule-chargeone_2-400x562.jpg 400w, https:\/\/www.ltslohmann.com\/wp-content\/uploads\/ltslohmann-ladesaeule-chargeone_2-600x843.jpg 600w, https:\/\/www.ltslohmann.com\/wp-content\/uploads\/ltslohmann-ladesaeule-chargeone_2-800x1124.jpg 800w, https:\/\/www.ltslohmann.com\/wp-content\/uploads\/ltslohmann-ladesaeule-chargeone_2-1200x1686.jpg 1200w, https:\/\/www.ltslohmann.com\/wp-content\/uploads\/ltslohmann-ladesaeule-chargeone_2.jpg 1500w\" data-sizes=\"auto\" data-orig-sizes=\"(max-width: 640px) 100vw, 1500px\" \/><\/span><\/div><div class=\"fusion-image-element \" style=\"text-align:center;--awb-caption-title-font-family:var(--h2_typography-font-family);--awb-caption-title-font-weight:var(--h2_typography-font-weight);--awb-caption-title-font-style:var(--h2_typography-font-style);--awb-caption-title-size:var(--h2_typography-font-size);--awb-caption-title-transform:var(--h2_typography-text-transform);--awb-caption-title-line-height:var(--h2_typography-line-height);--awb-caption-title-letter-spacing:var(--h2_typography-letter-spacing);\"><span class=\" fusion-imageframe imageframe-none imageframe-3 hover-type-none\"><img decoding=\"async\" width=\"1500\" height=\"2107\" title=\"ltslohmann-ladesaeule-chargeone_3\" src=\"https:\/\/www.ltslohmann.com\/wp-content\/uploads\/ltslohmann-ladesaeule-chargeone_3.jpg\" data-orig-src=\"https:\/\/www.ltslohmann.com\/wp-content\/uploads\/ltslohmann-ladesaeule-chargeone_3.jpg\" alt class=\"lazyload img-responsive wp-image-29118\" srcset=\"data:image\/svg+xml,%3Csvg%20xmlns%3D%27http%3A%2F%2Fwww.w3.org%2F2000%2Fsvg%27%20width%3D%271500%27%20height%3D%272107%27%20viewBox%3D%270%200%201500%202107%27%3E%3Crect%20width%3D%271500%27%20height%3D%272107%27%20fill-opacity%3D%220%22%2F%3E%3C%2Fsvg%3E\" data-srcset=\"https:\/\/www.ltslohmann.com\/wp-content\/uploads\/ltslohmann-ladesaeule-chargeone_3-200x281.jpg 200w, https:\/\/www.ltslohmann.com\/wp-content\/uploads\/ltslohmann-ladesaeule-chargeone_3-400x562.jpg 400w, https:\/\/www.ltslohmann.com\/wp-content\/uploads\/ltslohmann-ladesaeule-chargeone_3-600x843.jpg 600w, https:\/\/www.ltslohmann.com\/wp-content\/uploads\/ltslohmann-ladesaeule-chargeone_3-800x1124.jpg 800w, https:\/\/www.ltslohmann.com\/wp-content\/uploads\/ltslohmann-ladesaeule-chargeone_3-1200x1686.jpg 1200w, https:\/\/www.ltslohmann.com\/wp-content\/uploads\/ltslohmann-ladesaeule-chargeone_3.jpg 1500w\" data-sizes=\"auto\" data-orig-sizes=\"(max-width: 640px) 100vw, 1500px\" \/><\/span><\/div><div class=\"fusion-image-element \" style=\"text-align:center;--awb-caption-title-font-family:var(--h2_typography-font-family);--awb-caption-title-font-weight:var(--h2_typography-font-weight);--awb-caption-title-font-style:var(--h2_typography-font-style);--awb-caption-title-size:var(--h2_typography-font-size);--awb-caption-title-transform:var(--h2_typography-text-transform);--awb-caption-title-line-height:var(--h2_typography-line-height);--awb-caption-title-letter-spacing:var(--h2_typography-letter-spacing);\"><span class=\" fusion-imageframe imageframe-none imageframe-4 hover-type-none\"><img decoding=\"async\" width=\"1500\" height=\"2107\" title=\"ltslohmann-ladesaeule-chargeone_4\" src=\"https:\/\/www.ltslohmann.com\/wp-content\/uploads\/ltslohmann-ladesaeule-chargeone_4.jpg\" data-orig-src=\"https:\/\/www.ltslohmann.com\/wp-content\/uploads\/ltslohmann-ladesaeule-chargeone_4.jpg\" alt class=\"lazyload img-responsive wp-image-29119\" srcset=\"data:image\/svg+xml,%3Csvg%20xmlns%3D%27http%3A%2F%2Fwww.w3.org%2F2000%2Fsvg%27%20width%3D%271500%27%20height%3D%272107%27%20viewBox%3D%270%200%201500%202107%27%3E%3Crect%20width%3D%271500%27%20height%3D%272107%27%20fill-opacity%3D%220%22%2F%3E%3C%2Fsvg%3E\" data-srcset=\"https:\/\/www.ltslohmann.com\/wp-content\/uploads\/ltslohmann-ladesaeule-chargeone_4-200x281.jpg 200w, https:\/\/www.ltslohmann.com\/wp-content\/uploads\/ltslohmann-ladesaeule-chargeone_4-400x562.jpg 400w, https:\/\/www.ltslohmann.com\/wp-content\/uploads\/ltslohmann-ladesaeule-chargeone_4-600x843.jpg 600w, https:\/\/www.ltslohmann.com\/wp-content\/uploads\/ltslohmann-ladesaeule-chargeone_4-800x1124.jpg 800w, https:\/\/www.ltslohmann.com\/wp-content\/uploads\/ltslohmann-ladesaeule-chargeone_4-1200x1686.jpg 1200w, https:\/\/www.ltslohmann.com\/wp-content\/uploads\/ltslohmann-ladesaeule-chargeone_4.jpg 1500w\" data-sizes=\"auto\" data-orig-sizes=\"(max-width: 640px) 100vw, 1500px\" \/><\/span><\/div><\/div><\/div><\/div><\/div>\n","protected":false},"excerpt":{"rendered":"","protected":false},"author":1,"featured_media":0,"parent":0,"menu_order":0,"comment_status":"closed","ping_status":"closed","template":"100-width.php","meta":{"footnotes":""},"class_list":["post-29115","page","type-page","status-publish","hentry"],"_links":{"self":[{"href":"https:\/\/www.ltslohmann.com\/de\/wp-json\/wp\/v2\/pages\/29115","targetHints":{"allow":["GET"]}}],"collection":[{"href":"https:\/\/www.ltslohmann.com\/de\/wp-json\/wp\/v2\/pages"}],"about":[{"href":"https:\/\/www.ltslohmann.com\/de\/wp-json\/wp\/v2\/types\/page"}],"author":[{"embeddable":true,"href":"https:\/\/www.ltslohmann.com\/de\/wp-json\/wp\/v2\/users\/1"}],"replies":[{"embeddable":true,"href":"https:\/\/www.ltslohmann.com\/de\/wp-json\/wp\/v2\/comments?post=29115"}],"version-history":[{"count":9,"href":"https:\/\/www.ltslohmann.com\/de\/wp-json\/wp\/v2\/pages\/29115\/revisions"}],"predecessor-version":[{"id":29626,"href":"https:\/\/www.ltslohmann.com\/de\/wp-json\/wp\/v2\/pages\/29115\/revisions\/29626"}],"wp:attachment":[{"href":"https:\/\/www.ltslohmann.com\/de\/wp-json\/wp\/v2\/media?parent=29115"}],"curies":[{"name":"wp","href":"https:\/\/api.w.org\/{rel}","templated":true}]}}