{"id":29457,"date":"2025-07-08T08:24:25","date_gmt":"2025-07-08T06:24:25","guid":{"rendered":"https:\/\/www.ltslohmann.com\/?page_id=29457"},"modified":"2025-07-08T08:32:15","modified_gmt":"2025-07-08T06:32:15","slug":"erklaerung-zur-barrierefreiheit","status":"publish","type":"page","link":"https:\/\/www.ltslohmann.com\/de\/erklaerung-zur-barrierefreiheit\/","title":{"rendered":"Erkl\u00e4rung zur Barrierefreiheit"},"content":{"rendered":"<div class=\"fusion-fullwidth fullwidth-box fusion-builder-row-1 fusion-flex-container has-pattern-background has-mask-background nonhundred-percent-fullwidth non-hundred-percent-height-scrolling\" style=\"--awb-border-radius-top-left:0px;--awb-border-radius-top-right:0px;--awb-border-radius-bottom-right:0px;--awb-border-radius-bottom-left:0px;--awb-padding-right:10px;--awb-padding-left:10px;--awb-flex-wrap:wrap;\" ><div class=\"fusion-builder-row fusion-row fusion-flex-align-items-flex-start fusion-flex-content-wrap\" style=\"max-width:1420.64px;margin-left: calc(-4% \/ 2 );margin-right: calc(-4% \/ 2 );\"><div class=\"fusion-layout-column fusion_builder_column fusion-builder-column-0 fusion_builder_column_1_1 1_1 fusion-flex-column\" style=\"--awb-bg-size:cover;--awb-width-large:100%;--awb-margin-top-large:0px;--awb-spacing-right-large:1.92%;--awb-margin-bottom-large:20px;--awb-spacing-left-large:1.92%;--awb-width-medium:100%;--awb-order-medium:0;--awb-spacing-right-medium:1.92%;--awb-spacing-left-medium:1.92%;--awb-width-small:100%;--awb-order-small:0;--awb-spacing-right-small:1.92%;--awb-spacing-left-small:1.92%;\"><div class=\"fusion-column-wrapper fusion-column-has-shadow fusion-flex-justify-content-flex-start fusion-content-layout-column\"><div class=\"fusion-title title fusion-title-1 fusion-sep-none fusion-title-center fusion-title-text fusion-title-size-one\" style=\"--awb-margin-top-small:10px;--awb-margin-right-small:0px;--awb-margin-bottom-small:10px;--awb-margin-left-small:0px;\"><h1 class=\"fusion-title-heading title-heading-center fusion-responsive-typography-calculated\" style=\"margin:0;--fontSize:50;line-height:1.15;\">Erkl\u00e4rung zur Barrierefreiheit<\/h1><\/div><div class=\"fusion-text fusion-text-1\" style=\"--awb-margin-top:2%;\"><p>Die Erkl\u00e4rung zur Barrierefreiheit enth\u00e4lt Informationen \u00fcber die Zug\u00e4nglichkeit der Internetseite https:\/\/durch-die-haut.de gem\u00e4\u00df \u00a7 12a Behindertengleichstellungsgesetz. Weiterhin werden Ihnen Kontaktm\u00f6glichkeiten zur Meldung von bestehenden Barrieren zur Verf\u00fcgung gestellt.<\/p>\n<p><strong>Unser Anspruch: Zug\u00e4nglichkeit f\u00fcr alle<\/strong><br \/>\nWir setzen uns daf\u00fcr ein, dass alle Menschen \u2013 unabh\u00e4ngig von k\u00f6rperlichen oder anderen Beeintr\u00e4chtigungen \u2013 unsere Informationen, Angebote und Services uneingeschr\u00e4nkt nutzen k\u00f6nnen. Barrierefreiheit ist f\u00fcr uns ein wichtiger Bestandteil von Kundenorientierung, Teilhabe und sozialer Verantwortung. Die Anforderungen der Barrierefreiheit ergeben sich aus dem Barrierefreiheitsst\u00e4rkungsgesetzes (BFSG)<\/p>\n<p><strong>Digitale Barrierefreiheit<\/strong><br \/>\nWir geben unser Bestes, unsere digitalen Angebote m\u00f6glichst barrierefrei zu gestalten \u2013 damit alle Menschen unsere Website oder Online-Formulare nutzen k\u00f6nnen. Dabei orientieren wir uns an den Standards der BITV 2.0 und den WCAG 2.1 (Level AA).<\/p>\n<p>Uns ist bewusst, dass Barrierefreiheit ein laufender Prozess ist. Deshalb pr\u00fcfen wir regelm\u00e4\u00dfig, wo wir besser werden k\u00f6nnen \u2013 und setzen Verbesserungen Schritt f\u00fcr Schritt um.<\/p>\n<p><strong>Stand der Vereinbarkeit mit den Anforderungen<\/strong><br \/>\nTrotz aller Bem\u00fchungen sind derzeit noch nicht alle Inhalte unserer Website vollst\u00e4ndig barrierefrei. Dazu z\u00e4hlen:<\/p>\n<p>Der Farbkontrast auch der Farbkontrast der Links ist noch nicht durchgehend stark genug.<br \/>\nDie Syntax enth\u00e4lt ein paar formelle Fehler, die die Zug\u00e4nglichkeit jedoch nicht einschr\u00e4nken sollten.<br \/>\nWir arbeiten mit Nachdruck daran, die barrierefreie Gestaltung der Webseite sicherzustellen.<\/p>\n<p><strong>Barrieren melden<\/strong><br \/>\nNur gemeinsam k\u00f6nnen wir unser Ziel erreichen. Deshalb freuen wir uns \u00fcber jede R\u00fcckmeldung zur Barrierefreiheit. Wir freuen uns \u00fcber Ihre R\u00fcckmeldung, Vorschl\u00e4ge, Fragen oder Bedenken zur Umsetzung der Barrierefreiheit. Wir nehmen Ihr Feedback ernst und bem\u00fchen uns, gemeldete Barrieren im Rahmen unserer technischen und wirtschaftlichen M\u00f6glichkeiten so schnell wie m\u00f6glich zu beheben.<\/p>\n<p>Bitte teilen Sie uns mit, auf welcher Seite und bei welcher Funktion Sie auf eine Barriere gesto\u00dfen sind \u2013 am einfachsten mit einem kurzen Hinweis und dem Link zur betreffenden Seite.<\/p>\n<p><strong>So erreichen Sie uns:<\/strong><br \/>\nE-Mail: info@ltslohmann.de<\/p>\n<p>Wir bem\u00fchen uns, Ihre Anfrage schnellstm\u00f6glich zu beantworten. Sollten Sie keine R\u00fcckmeldung erhalten oder mit der Antwort unzufrieden sein, haben Sie die M\u00f6glichkeit, sich entweder an die Ombudsstelle f\u00fcr barrierefreie Informationstechnik NRW oder auch die Schlichtungsstelle nach dem Behindertengleichstellungsgesetz (BGG) zu wenden.<\/p>\n<p><strong>Ombudsstelle f\u00fcr barrierefreie Informationstechnik Rheinland-Pfalz:<\/strong><br \/>\nOmbudsstelle ist die \u00dcberwachungsstelle f\u00fcr barrierefreie IT (\u00dcBIT), die bei der ZDFin angesiedelt ist.<br \/>\nhttps:\/\/zdfin.rlp.de\/kompetenzen\/uebit<\/p>\n<p><strong>Durchsetzungsverfahren:<\/strong><br \/>\nGem\u00e4\u00df \u00a7 3 Abs. 1 BITV RP ist f\u00fcr das Durchsetzungsverfahren der oder die Landesbeauftragte f\u00fcr die Belange behinderter Menschen des Landes Rheinland-Pfalz zust\u00e4ndig.<br \/>\nMinisterium f\u00fcr Soziales, Arbeit, Gesundheit und Demografie des Landes Rheinland-Pfalz<br \/>\nBauhofstra\u00dfe 9<br \/>\n55116 Mainz<br \/>\nTel.: 06131 165342<br \/>\nE-Mail: lb[at]msagd.rlp.de<\/p>\n<p><strong>Kontaktdaten der zentralen Schlichtungsstelle:<\/strong><br \/>\nDie Schlichtungsstelle BGG hat die Aufgabe, bei Konflikten zum Thema Barrierefreiheit zwischen Menschen mit Behinderungen und \u00f6ffentlichen Stellen des Bundes eine au\u00dfergerichtliche Streitbeilegung zu unterst\u00fctzen.<br \/>\nDas Schlichtungsverfahren ist kostenfrei. Es muss kein Rechtsbeistand eingeschaltet werden.<\/p>\n<p>Schlichtungsstelle nach dem Behindertengleichstellungsgesetz<br \/>\nbei der Beauftragten der Bundesregierung f\u00fcr die Belange von Menschen mit Behinderungen<br \/>\nMauerstra\u00dfe 53<br \/>\n10117 Berlin<br \/>\nE-Mail: info@schlichtungsstelle-bgg.de<br \/>\nhttps:\/\/schlichtungsstelle-bgg.de<\/p>\n<p><strong>Erstellung dieser Erkl\u00e4rung zur Barrierefreiheit<\/strong><br \/>\nDiese Erkl\u00e4rung wurde am 15.06.2025 erstellt und zuletzt am 10.06.2025 \u00fcberpr\u00fcft.<\/p>\n<\/div><\/div><\/div><\/div><\/div>\n","protected":false},"excerpt":{"rendered":"","protected":false},"author":1,"featured_media":0,"parent":0,"menu_order":0,"comment_status":"closed","ping_status":"closed","template":"","meta":{"footnotes":""},"class_list":["post-29457","page","type-page","status-publish","hentry"],"_links":{"self":[{"href":"https:\/\/www.ltslohmann.com\/de\/wp-json\/wp\/v2\/pages\/29457","targetHints":{"allow":["GET"]}}],"collection":[{"href":"https:\/\/www.ltslohmann.com\/de\/wp-json\/wp\/v2\/pages"}],"about":[{"href":"https:\/\/www.ltslohmann.com\/de\/wp-json\/wp\/v2\/types\/page"}],"author":[{"embeddable":true,"href":"https:\/\/www.ltslohmann.com\/de\/wp-json\/wp\/v2\/users\/1"}],"replies":[{"embeddable":true,"href":"https:\/\/www.ltslohmann.com\/de\/wp-json\/wp\/v2\/comments?post=29457"}],"version-history":[{"count":5,"href":"https:\/\/www.ltslohmann.com\/de\/wp-json\/wp\/v2\/pages\/29457\/revisions"}],"predecessor-version":[{"id":29466,"href":"https:\/\/www.ltslohmann.com\/de\/wp-json\/wp\/v2\/pages\/29457\/revisions\/29466"}],"wp:attachment":[{"href":"https:\/\/www.ltslohmann.com\/de\/wp-json\/wp\/v2\/media?parent=29457"}],"curies":[{"name":"wp","href":"https:\/\/api.w.org\/{rel}","templated":true}]}}