{"id":29609,"date":"2025-06-15T18:49:30","date_gmt":"2025-06-15T16:49:30","guid":{"rendered":"https:\/\/www.ltslohmann.com\/unsere-kompetenzen\/skin-lab\/"},"modified":"2025-08-13T09:24:23","modified_gmt":"2025-08-13T07:24:23","slug":"skin-lab","status":"publish","type":"page","link":"https:\/\/www.ltslohmann.com\/de\/unsere-kompetenzen\/skin-lab\/","title":{"rendered":"LTS. IN-VITRO-PERMEATIONSSTUDIEN. SKIN LAB."},"content":{"rendered":"<p><div class=\"fusion-fullwidth fullwidth-box fusion-builder-row-1 fusion-flex-container has-pattern-background has-mask-background nonhundred-percent-fullwidth non-hundred-percent-height-scrolling\" style=\"--awb-border-radius-top-left:0px;--awb-border-radius-top-right:0px;--awb-border-radius-bottom-right:0px;--awb-border-radius-bottom-left:0px;--awb-padding-top:0px;--awb-padding-bottom:0px;--awb-margin-top:0px;--awb-margin-bottom:0px;--awb-background-image:linear-gradient(135deg, #d1cebb 0%,#eef0ef 100%);--awb-flex-wrap:wrap;\" ><div class=\"fusion-builder-row fusion-row fusion-flex-align-items-flex-start fusion-flex-content-wrap\" style=\"max-width:1420.64px;margin-left: calc(-4% \/ 2 );margin-right: calc(-4% \/ 2 );\"><div class=\"fusion-layout-column fusion_builder_column fusion-builder-column-0 fusion_builder_column_1_1 1_1 fusion-flex-column\" style=\"--awb-bg-size:cover;--awb-width-large:100%;--awb-margin-top-large:0px;--awb-spacing-right-large:1.92%;--awb-margin-bottom-large:20px;--awb-spacing-left-large:1.92%;--awb-width-medium:100%;--awb-order-medium:0;--awb-spacing-right-medium:1.92%;--awb-spacing-left-medium:1.92%;--awb-width-small:100%;--awb-order-small:0;--awb-spacing-right-small:1.92%;--awb-spacing-left-small:1.92%;\"><div class=\"fusion-column-wrapper fusion-column-has-shadow fusion-flex-justify-content-flex-start fusion-content-layout-column\"><div class=\"fusion-title title fusion-title-1 fusion-sep-none fusion-title-center fusion-title-text fusion-title-size-one\" style=\"--awb-margin-top:3%;--awb-margin-right:20%;--awb-margin-left:20%;--awb-margin-top-small:10px;--awb-margin-right-small:0px;--awb-margin-bottom-small:10px;--awb-margin-left-small:0px;\"><h1 class=\"fusion-title-heading title-heading-center fusion-responsive-typography-calculated\" style=\"margin:0;--fontSize:50;line-height:1.15;\">IN-VITRO-PERMEATIONSSTUDIEN. Wissenschaftliche Expertise f\u00fcr verl\u00e4ssliche Ergebnisse<\/h1><\/div><div class=\"fusion-title title fusion-title-2 fusion-sep-none fusion-title-center fusion-title-text fusion-title-size-div\" style=\"--awb-margin-top:3%;--awb-margin-right:20%;--awb-margin-left:20%;--awb-margin-top-small:10px;--awb-margin-right-small:0px;--awb-margin-bottom-small:10px;--awb-margin-left-small:0px;\"><div class=\"fusion-title-heading title-heading-center title-heading-tag fusion-responsive-typography-calculated\" style=\"margin:0;--fontSize:20;line-height:1.5;\">Die Wirksamkeit jedes kutanen, transdermalen oder oromukosalen Wirkstofftransports h\u00e4ngt entscheidend von der F\u00e4higkeit der Systeme ab, den Wirkstoff (API) kontrolliert, effizient und sicher freizusetzen. Um diese Leistungsf\u00e4higkeit f\u00fcr unterschiedliche dermale, transdermale, oromukosale und Mikronadel-Technologien zuverl\u00e4ssig zu bewerten, hat LTS ein eigenes \u201eSkin Lab\u201c eingerichtet. Hier untersuchen wir die kutane Permeation von Molek\u00fclen \u2013 sowohl f\u00fcr die Entwicklung neuer Formulierungen als auch f\u00fcr die Optimierung und Neupositionierung bestehender Therapien.<\/div><\/div><\/div><\/div><\/div><\/div><div class=\"fusion-fullwidth fullwidth-box fusion-builder-row-2 fusion-flex-container has-pattern-background has-mask-background nonhundred-percent-fullwidth non-hundred-percent-height-scrolling\" style=\"--awb-border-radius-top-left:0px;--awb-border-radius-top-right:0px;--awb-border-radius-bottom-right:0px;--awb-border-radius-bottom-left:0px;--awb-padding-top:0px;--awb-padding-bottom:0px;--awb-margin-top:0px;--awb-margin-bottom:0px;--awb-background-image:linear-gradient(225deg, #d1cebb 0%,#eef0ef 100%);--awb-flex-wrap:wrap;\" ><div class=\"fusion-builder-row fusion-row fusion-flex-align-items-center fusion-flex-content-wrap\" style=\"max-width:1420.64px;margin-left: calc(-4% \/ 2 );margin-right: calc(-4% \/ 2 );\"><div class=\"fusion-layout-column fusion_builder_column fusion-builder-column-1 fusion_builder_column_1_2 1_2 fusion-flex-column\" style=\"--awb-bg-size:cover;--awb-width-large:50%;--awb-margin-top-large:0px;--awb-spacing-right-large:3.84%;--awb-margin-bottom-large:20px;--awb-spacing-left-large:3.84%;--awb-width-medium:50%;--awb-order-medium:0;--awb-spacing-right-medium:3.84%;--awb-spacing-left-medium:3.84%;--awb-width-small:100%;--awb-order-small:0;--awb-spacing-right-small:1.92%;--awb-spacing-left-small:1.92%;\"><div class=\"fusion-column-wrapper fusion-column-has-shadow fusion-flex-justify-content-flex-start fusion-content-layout-column\"><div class=\"fusion-text fusion-text-1\"><p style=\"text-align: center;\">Unser Team verf\u00fcgt \u00fcber mehr als 30 Jahre Erfahrung in diesem Spezialgebiet. Unterst\u00fctzt durch ein modernes Labor mit hochentwickelten Analyse- und Testmethoden stellen wir sicher, dass unsere Studien h\u00f6chste Qualit\u00e4ts- und Validierungsstandards erf\u00fcllen. So begleiten wir unsere Partner von der Formulierungsentwicklung bis zur regulatorischen Einreichung Dar\u00fcber hinaus bieten wir in-vitro-Permeationsstudien, Bio\u00e4quivalenzuntersuchungen und \u00e4hnliche Leistungen auch als eigenst\u00e4ndigen Service an.<\/p>\n<\/p>\n<p style=\"text-align: center;\">Unsere Permeationsstudien entsprechen den Richtlinien von OECD, FDA und EMA und umfassen GMP-zertifizierte IVPT-Studien. Der von uns entwickelte In-vitro-Permeationstest ist ein anerkanntes Bio\u00e4quivalenzmodell und wird von Beh\u00f6rden wie EMA, FDA und PDMA akzeptiert.<\/p>\n<\/p>\n<p style=\"text-align: center;\">Neben der wissenschaftlichen Pr\u00e4zision zeichnet uns ein klarer Anspruch aus: Wir wollen L\u00f6sungen entwickeln, die einen echten Mehrwert f\u00fcr Patienten schaffen. Diese Haltung pr\u00e4gt unsere Arbeit und treibt uns an, unsere Methoden kontinuierlich weiterzuentwickeln.<\/p>\n<p>\n<\/div><\/div><\/div><div class=\"fusion-layout-column fusion_builder_column fusion-builder-column-2 fusion_builder_column_1_2 1_2 fusion-flex-column\" style=\"--awb-padding-top:50px;--awb-padding-bottom:50px;--awb-bg-size:cover;--awb-width-large:50%;--awb-margin-top-large:0px;--awb-spacing-right-large:3.84%;--awb-margin-bottom-large:20px;--awb-spacing-left-large:3.84%;--awb-width-medium:50%;--awb-order-medium:0;--awb-spacing-right-medium:3.84%;--awb-spacing-left-medium:3.84%;--awb-width-small:100%;--awb-order-small:0;--awb-spacing-right-small:1.92%;--awb-spacing-left-small:1.92%;\" data-scroll-devices=\"small-visibility,medium-visibility,large-visibility\"><div class=\"fusion-column-wrapper fusion-column-has-shadow fusion-flex-justify-content-center fusion-content-layout-column\"><div class=\"fusion-image-element \" style=\"--awb-margin-top:50px;--awb-margin-bottom:50px;--awb-caption-title-font-family:var(--h2_typography-font-family);--awb-caption-title-font-weight:var(--h2_typography-font-weight);--awb-caption-title-font-style:var(--h2_typography-font-style);--awb-caption-title-size:var(--h2_typography-font-size);--awb-caption-title-transform:var(--h2_typography-text-transform);--awb-caption-title-line-height:var(--h2_typography-line-height);--awb-caption-title-letter-spacing:var(--h2_typography-letter-spacing);\"><span class=\" fusion-imageframe imageframe-none imageframe-1 hover-type-none\"><img decoding=\"async\" width=\"2500\" height=\"1667\" title=\"ltslohmann-competencies-skin-lab-team\" src=\"https:\/\/www.ltslohmann.com\/wp-content\/uploads\/ltslohmann-competencies-skin-lab-team.jpg\" data-orig-src=\"https:\/\/www.ltslohmann.com\/wp-content\/uploads\/ltslohmann-competencies-skin-lab-team.jpg\" alt class=\"lazyload img-responsive wp-image-28734\" srcset=\"data:image\/svg+xml,%3Csvg%20xmlns%3D%27http%3A%2F%2Fwww.w3.org%2F2000%2Fsvg%27%20width%3D%272500%27%20height%3D%271667%27%20viewBox%3D%270%200%202500%201667%27%3E%3Crect%20width%3D%272500%27%20height%3D%271667%27%20fill-opacity%3D%220%22%2F%3E%3C%2Fsvg%3E\" data-srcset=\"https:\/\/www.ltslohmann.com\/wp-content\/uploads\/ltslohmann-competencies-skin-lab-team-200x133.jpg 200w, https:\/\/www.ltslohmann.com\/wp-content\/uploads\/ltslohmann-competencies-skin-lab-team-400x267.jpg 400w, https:\/\/www.ltslohmann.com\/wp-content\/uploads\/ltslohmann-competencies-skin-lab-team-600x400.jpg 600w, https:\/\/www.ltslohmann.com\/wp-content\/uploads\/ltslohmann-competencies-skin-lab-team-800x533.jpg 800w, https:\/\/www.ltslohmann.com\/wp-content\/uploads\/ltslohmann-competencies-skin-lab-team-1200x800.jpg 1200w, https:\/\/www.ltslohmann.com\/wp-content\/uploads\/ltslohmann-competencies-skin-lab-team.jpg 2500w\" data-sizes=\"auto\" data-orig-sizes=\"(max-width: 640px) 100vw, 800px\" \/><\/span><\/div><\/div><\/div><\/div><\/div><div class=\"fusion-fullwidth fullwidth-box fusion-builder-row-3 fusion-flex-container has-pattern-background has-mask-background nonhundred-percent-fullwidth non-hundred-percent-height-scrolling\" style=\"--awb-border-radius-top-left:0px;--awb-border-radius-top-right:0px;--awb-border-radius-bottom-right:0px;--awb-border-radius-bottom-left:0px;--awb-padding-top:0px;--awb-padding-bottom:0px;--awb-margin-top:0px;--awb-margin-bottom:0px;--awb-background-image:linear-gradient(135deg, #d1cebb 0%,#eef0ef 100%);--awb-flex-wrap:wrap;\" ><div class=\"fusion-builder-row fusion-row fusion-flex-align-items-center fusion-flex-content-wrap\" style=\"max-width:1420.64px;margin-left: calc(-4% \/ 2 );margin-right: calc(-4% \/ 2 );\"><div class=\"fusion-layout-column fusion_builder_column fusion-builder-column-3 fusion_builder_column_1_2 1_2 fusion-flex-column fusion-flex-align-self-center\" style=\"--awb-bg-size:cover;--awb-width-large:50%;--awb-margin-top-large:0px;--awb-spacing-right-large:3.84%;--awb-margin-bottom-large:20px;--awb-spacing-left-large:3.84%;--awb-width-medium:50%;--awb-order-medium:0;--awb-spacing-right-medium:3.84%;--awb-spacing-left-medium:3.84%;--awb-width-small:100%;--awb-order-small:0;--awb-spacing-right-small:1.92%;--awb-spacing-left-small:1.92%;\" data-scroll-devices=\"small-visibility,medium-visibility,large-visibility\"><div class=\"fusion-column-wrapper fusion-column-has-shadow fusion-flex-justify-content-center fusion-content-layout-column\"><div class=\"fusion-image-element \" style=\"--awb-margin-top:75px;--awb-margin-bottom:75px;--awb-caption-title-font-family:var(--h2_typography-font-family);--awb-caption-title-font-weight:var(--h2_typography-font-weight);--awb-caption-title-font-style:var(--h2_typography-font-style);--awb-caption-title-size:var(--h2_typography-font-size);--awb-caption-title-transform:var(--h2_typography-text-transform);--awb-caption-title-line-height:var(--h2_typography-line-height);--awb-caption-title-letter-spacing:var(--h2_typography-letter-spacing);\"><span class=\" fusion-imageframe imageframe-none imageframe-2 hover-type-none\"><img decoding=\"async\" width=\"2500\" height=\"1668\" title=\"ltslohmann-competencies-skin-lab-neu\" src=\"https:\/\/www.ltslohmann.com\/wp-content\/uploads\/ltslohmann-competencies-skin-lab-neu.jpg\" data-orig-src=\"https:\/\/www.ltslohmann.com\/wp-content\/uploads\/ltslohmann-competencies-skin-lab-neu.jpg\" alt class=\"lazyload img-responsive wp-image-28750\" srcset=\"data:image\/svg+xml,%3Csvg%20xmlns%3D%27http%3A%2F%2Fwww.w3.org%2F2000%2Fsvg%27%20width%3D%272500%27%20height%3D%271668%27%20viewBox%3D%270%200%202500%201668%27%3E%3Crect%20width%3D%272500%27%20height%3D%271668%27%20fill-opacity%3D%220%22%2F%3E%3C%2Fsvg%3E\" data-srcset=\"https:\/\/www.ltslohmann.com\/wp-content\/uploads\/ltslohmann-competencies-skin-lab-neu-200x133.jpg 200w, https:\/\/www.ltslohmann.com\/wp-content\/uploads\/ltslohmann-competencies-skin-lab-neu-400x267.jpg 400w, https:\/\/www.ltslohmann.com\/wp-content\/uploads\/ltslohmann-competencies-skin-lab-neu-600x400.jpg 600w, https:\/\/www.ltslohmann.com\/wp-content\/uploads\/ltslohmann-competencies-skin-lab-neu-800x534.jpg 800w, https:\/\/www.ltslohmann.com\/wp-content\/uploads\/ltslohmann-competencies-skin-lab-neu-1200x801.jpg 1200w, https:\/\/www.ltslohmann.com\/wp-content\/uploads\/ltslohmann-competencies-skin-lab-neu.jpg 2500w\" data-sizes=\"auto\" data-orig-sizes=\"(max-width: 640px) 100vw, 800px\" \/><\/span><\/div><\/div><\/div><div class=\"fusion-layout-column fusion_builder_column fusion-builder-column-4 fusion_builder_column_1_2 1_2 fusion-flex-column\" style=\"--awb-bg-size:cover;--awb-width-large:50%;--awb-margin-top-large:0px;--awb-spacing-right-large:3.84%;--awb-margin-bottom-large:20px;--awb-spacing-left-large:3.84%;--awb-width-medium:50%;--awb-order-medium:0;--awb-spacing-right-medium:3.84%;--awb-spacing-left-medium:3.84%;--awb-width-small:100%;--awb-order-small:0;--awb-spacing-right-small:1.92%;--awb-spacing-left-small:1.92%;\"><div class=\"fusion-column-wrapper fusion-column-has-shadow fusion-flex-justify-content-flex-start fusion-content-layout-column\"><div class=\"fusion-text fusion-text-2\"><h3>Unsere Leistungen im \u00dcberblick:<\/h3>\n<\/p>\n<ul>\n<li style=\"text-align: left;\">Regulatorische Studien gem\u00e4\u00df OECD TG 428, EMA-, FDA- und PDMA-Vorgaben<\/li>\n<li style=\"text-align: left;\">Untersuchung der lokalen Wirkstoffverteilung am Applikationsort<\/li>\n<li style=\"text-align: left;\">Analyse von Absorption, Verteilung und Metabolismus<\/li>\n<li style=\"text-align: left;\">Bewertung der Metaboliten-Toxikokinetik und lokalen Vertr\u00e4glichkeit an vitalem Gewebe<\/li>\n<li style=\"text-align: left;\">Untersuchung der oromukosalen Wirkstofffreisetzung mit propriet\u00e4ren LTS-Designs<\/li>\n<li style=\"text-align: left;\">Analytik und Validierung mittels HPLC-MS\/MS und UPLC<\/li>\n<li style=\"text-align: left;\">Testung von Arzneistoffen (API), stoffbasierten Medizinprodukten und Kosmetika<\/li>\n<li style=\"text-align: left;\">Individuell konzipierte Studien nach den Anforderungen unserer Partner<\/li>\n<\/ul>\n<\/div><\/div><\/div><\/div><\/div><div class=\"fusion-fullwidth fullwidth-box fusion-builder-row-4 fusion-flex-container has-pattern-background has-mask-background nonhundred-percent-fullwidth non-hundred-percent-height-scrolling\" style=\"--awb-border-radius-top-left:0px;--awb-border-radius-top-right:0px;--awb-border-radius-bottom-right:0px;--awb-border-radius-bottom-left:0px;--awb-padding-top:3%;--awb-padding-bottom:100px;--awb-margin-top:0px;--awb-margin-bottom:0px;--awb-background-image:linear-gradient(225deg, #d1cebb 0%,#eef0ef 100%);--awb-flex-wrap:wrap;\" ><div class=\"fusion-builder-row fusion-row fusion-flex-align-items-flex-start fusion-flex-content-wrap\" style=\"max-width:1420.64px;margin-left: calc(-4% \/ 2 );margin-right: calc(-4% \/ 2 );\"><div class=\"fusion-layout-column fusion_builder_column fusion-builder-column-5 fusion_builder_column_1_1 1_1 fusion-flex-column\" style=\"--awb-bg-size:cover;--awb-width-large:100%;--awb-margin-top-large:0px;--awb-spacing-right-large:1.92%;--awb-margin-bottom-large:20px;--awb-spacing-left-large:1.92%;--awb-width-medium:100%;--awb-order-medium:0;--awb-spacing-right-medium:1.92%;--awb-spacing-left-medium:1.92%;--awb-width-small:100%;--awb-order-small:0;--awb-spacing-right-small:1.92%;--awb-spacing-left-small:1.92%;\"><div class=\"fusion-column-wrapper fusion-column-has-shadow fusion-flex-justify-content-flex-start fusion-content-layout-column\"><div class=\"fusion-text fusion-text-3 fusion-text-no-margin\" style=\"--awb-margin-bottom:0%;\"><h3 style=\"text-align: center;\">Haben Sie Fragen zu unseren SkinLab-Angeboten?<\/h3>\n<p>\n<\/div><\/div><\/div><div class=\"fusion-layout-column fusion_builder_column fusion-builder-column-6 fusion_builder_column_1_2 1_2 fusion-flex-column\" style=\"--awb-bg-size:cover;--awb-width-large:50%;--awb-margin-top-large:0px;--awb-spacing-right-large:3.84%;--awb-margin-bottom-large:20px;--awb-spacing-left-large:3.84%;--awb-width-medium:50%;--awb-order-medium:0;--awb-spacing-right-medium:3.84%;--awb-spacing-left-medium:3.84%;--awb-width-small:100%;--awb-order-small:0;--awb-spacing-right-small:1.92%;--awb-spacing-left-small:1.92%;\"><div class=\"fusion-column-wrapper fusion-column-has-shadow fusion-flex-justify-content-flex-start fusion-content-layout-column\"><div class=\"fusion-image-element \" style=\"--awb-caption-title-font-family:var(--h2_typography-font-family);--awb-caption-title-font-weight:var(--h2_typography-font-weight);--awb-caption-title-font-style:var(--h2_typography-font-style);--awb-caption-title-size:var(--h2_typography-font-size);--awb-caption-title-transform:var(--h2_typography-text-transform);--awb-caption-title-line-height:var(--h2_typography-line-height);--awb-caption-title-letter-spacing:var(--h2_typography-letter-spacing);\"><span class=\" fusion-imageframe imageframe-none imageframe-3 hover-type-none\"><img decoding=\"async\" width=\"3840\" height=\"2160\" title=\"ltslohmann-kontakt-skin-lab\" src=\"https:\/\/www.ltslohmann.com\/wp-content\/uploads\/ltslohmann-kontakt-skin-lab.jpg\" data-orig-src=\"https:\/\/www.ltslohmann.com\/wp-content\/uploads\/ltslohmann-kontakt-skin-lab.jpg\" alt class=\"lazyload img-responsive wp-image-29100\" srcset=\"data:image\/svg+xml,%3Csvg%20xmlns%3D%27http%3A%2F%2Fwww.w3.org%2F2000%2Fsvg%27%20width%3D%273840%27%20height%3D%272160%27%20viewBox%3D%270%200%203840%202160%27%3E%3Crect%20width%3D%273840%27%20height%3D%272160%27%20fill-opacity%3D%220%22%2F%3E%3C%2Fsvg%3E\" data-srcset=\"https:\/\/www.ltslohmann.com\/wp-content\/uploads\/ltslohmann-kontakt-skin-lab-200x113.jpg 200w, https:\/\/www.ltslohmann.com\/wp-content\/uploads\/ltslohmann-kontakt-skin-lab-400x225.jpg 400w, https:\/\/www.ltslohmann.com\/wp-content\/uploads\/ltslohmann-kontakt-skin-lab-600x338.jpg 600w, https:\/\/www.ltslohmann.com\/wp-content\/uploads\/ltslohmann-kontakt-skin-lab-800x450.jpg 800w, https:\/\/www.ltslohmann.com\/wp-content\/uploads\/ltslohmann-kontakt-skin-lab-1200x675.jpg 1200w, https:\/\/www.ltslohmann.com\/wp-content\/uploads\/ltslohmann-kontakt-skin-lab.jpg 3840w\" data-sizes=\"auto\" data-orig-sizes=\"(max-width: 640px) 100vw, 800px\" \/><\/span><\/div><\/div><\/div><div class=\"fusion-layout-column fusion_builder_column fusion-builder-column-7 fusion_builder_column_1_6 1_6 fusion-flex-column fusion-flex-align-self-center\" style=\"--awb-bg-size:cover;--awb-width-large:16.666666666667%;--awb-margin-top-large:0px;--awb-spacing-right-large:11.52%;--awb-margin-bottom-large:20px;--awb-spacing-left-large:11.52%;--awb-width-medium:16.666666666667%;--awb-order-medium:0;--awb-spacing-right-medium:11.52%;--awb-spacing-left-medium:11.52%;--awb-width-small:100%;--awb-order-small:0;--awb-spacing-right-small:1.92%;--awb-spacing-left-small:1.92%;\" data-scroll-devices=\"small-visibility,medium-visibility,large-visibility\"><div class=\"fusion-column-wrapper fusion-column-has-shadow fusion-flex-justify-content-flex-start fusion-content-layout-column\"><a class=\"fb-icon-element-1 fb-icon-element fontawesome-icon fa-envelope fas circle-no fusion-link\" style=\"--awb-font-size:70px;--awb-align-self:flex-end;--awb-margin-top:0px;--awb-margin-right:0px;--awb-margin-bottom:0px;--awb-margin-left:0px;\" href=\"mailto:skinlab@ltslohmann.com\" target=\"_self\" aria-label=\"Link to mailto:skinlab@ltslohmann.com\"><\/a><\/div><\/div><div class=\"fusion-layout-column fusion_builder_column fusion-builder-column-8 fusion_builder_column_1_6 1_6 fusion-flex-column fusion-flex-align-self-center\" style=\"--awb-bg-size:cover;--awb-width-large:16.666666666667%;--awb-margin-top-large:0px;--awb-spacing-right-large:11.52%;--awb-margin-bottom-large:20px;--awb-spacing-left-large:11.52%;--awb-width-medium:16.666666666667%;--awb-order-medium:0;--awb-spacing-right-medium:11.52%;--awb-spacing-left-medium:11.52%;--awb-width-small:100%;--awb-order-small:0;--awb-spacing-right-small:1.92%;--awb-spacing-left-small:1.92%;\" data-scroll-devices=\"small-visibility,medium-visibility,large-visibility\"><div class=\"fusion-column-wrapper fusion-column-has-shadow fusion-flex-justify-content-flex-start fusion-content-layout-column\"><div class=\"fusion-text fusion-text-4\"><h4 style=\"text-align: left;\">Ihr Kontakt zu uns.<\/h4>\n<p>\n<\/div><\/div><\/div><div class=\"fusion-layout-column fusion_builder_column fusion-builder-column-9 fusion_builder_column_1_6 1_6 fusion-flex-column fusion-flex-align-self-center\" style=\"--awb-bg-size:cover;--awb-width-large:16.666666666667%;--awb-margin-top-large:0px;--awb-spacing-right-large:11.52%;--awb-margin-bottom-large:20px;--awb-spacing-left-large:11.52%;--awb-width-medium:16.666666666667%;--awb-order-medium:0;--awb-spacing-right-medium:11.52%;--awb-spacing-left-medium:11.52%;--awb-width-small:100%;--awb-order-small:0;--awb-spacing-right-small:1.92%;--awb-spacing-left-small:1.92%;\" data-scroll-devices=\"small-visibility,medium-visibility,large-visibility\"><div class=\"fusion-column-wrapper fusion-column-has-shadow fusion-flex-justify-content-flex-start fusion-content-layout-column\"><\/div><\/div><\/div><\/div><\/p>\n","protected":false},"excerpt":{"rendered":"","protected":false},"author":1,"featured_media":29610,"parent":19916,"menu_order":0,"comment_status":"closed","ping_status":"closed","template":"100-width.php","meta":{"footnotes":""},"class_list":["post-29609","page","type-page","status-publish","has-post-thumbnail","hentry"],"_links":{"self":[{"href":"https:\/\/www.ltslohmann.com\/de\/wp-json\/wp\/v2\/pages\/29609","targetHints":{"allow":["GET"]}}],"collection":[{"href":"https:\/\/www.ltslohmann.com\/de\/wp-json\/wp\/v2\/pages"}],"about":[{"href":"https:\/\/www.ltslohmann.com\/de\/wp-json\/wp\/v2\/types\/page"}],"author":[{"embeddable":true,"href":"https:\/\/www.ltslohmann.com\/de\/wp-json\/wp\/v2\/users\/1"}],"replies":[{"embeddable":true,"href":"https:\/\/www.ltslohmann.com\/de\/wp-json\/wp\/v2\/comments?post=29609"}],"version-history":[{"count":10,"href":"https:\/\/www.ltslohmann.com\/de\/wp-json\/wp\/v2\/pages\/29609\/revisions"}],"predecessor-version":[{"id":29621,"href":"https:\/\/www.ltslohmann.com\/de\/wp-json\/wp\/v2\/pages\/29609\/revisions\/29621"}],"up":[{"embeddable":true,"href":"https:\/\/www.ltslohmann.com\/de\/wp-json\/wp\/v2\/pages\/19916"}],"wp:featuredmedia":[{"embeddable":true,"href":"https:\/\/www.ltslohmann.com\/de\/wp-json\/wp\/v2\/media\/29610"}],"wp:attachment":[{"href":"https:\/\/www.ltslohmann.com\/de\/wp-json\/wp\/v2\/media?parent=29609"}],"curies":[{"name":"wp","href":"https:\/\/api.w.org\/{rel}","templated":true}]}}